{"id":76,"date":"2023-07-17T14:59:43","date_gmt":"2023-07-17T14:59:43","guid":{"rendered":"https:\/\/allianceoutdoorlighting.com\/?page_id=76"},"modified":"2025-10-03T23:10:59","modified_gmt":"2025-10-03T23:10:59","slug":"luz-de-acento","status":"publish","type":"page","link":"https:\/\/allianceoutdoorlighting.com\/es\/instalaciones\/luz-de-acento\/","title":{"rendered":"Acento\/iluminaci\u00f3n"},"content":{"rendered":"<div id=\"cs-content\" class=\"cs-content\"><div class=\"x-section e76-e1 m24-0 m24-1 alliance-category-section\" style=\"--tco-dc24-1:global-color:oEgZSGSNe4nHY5GJfF;\"><div class=\"x-row x-container max width e76-e2 m24-5 m24-6 m24-8 m24-9\"><div class=\"x-row-inner\"><div class=\"x-col e76-e3 m24-c\"><div class=\"x-text x-text-headline e76-e4 m24-e m24-f alliance-category-title\"><div class=\"x-text-content\"><div class=\"x-text-content-text\"><h1 class=\"x-text-content-text-primary\">Acento\/iluminaci\u00f3n<\/h1>\n<\/div><\/div><\/div><div class=\"x-text x-content e76-e5 m24-h m24-i alliance-category-sub\"><strong>L\u00e1mparas de acento y de luz ascendente para iluminaci\u00f3n paisaj\u00edstica<\/strong><\/div><\/div><div class=\"x-col e76-e6 m24-c\"><div class=\"x-text x-content e76-e7 m24-i m24-j m24-k\"><p>Los uplights Alliance son luminarias LED de bajo voltaje y lat\u00f3n macizo dise\u00f1adas para instalaciones profesionales. Con m\u00faltiples tama\u00f1os y haces de luz, ofrecen a los contratistas la precisi\u00f3n necesaria para resaltar \u00e1rboles, paredes y detalles arquitect\u00f3nicos desde abajo.<\/p><\/div><\/div><div class=\"x-col e76-e8 m24-c\"><div class=\"x-text x-content e76-e9 m24-i m24-k m24-l\"><p><em>Las luminarias con el icono bt est\u00e1n disponibles en Alliance bt system: controladas por aplicaci\u00f3n Bluetooth\u00ae, regulables y con cambio de color.<\/em><\/p><\/div><\/div><\/div><\/div><\/div><div class=\"x-section e76-e10-v0 m24-0 m24-2\"><div class=\"x-row x-container max width e76-e10-v1 m24-5 m24-6 m24-8 m24-a\"><div class=\"x-row-inner\"><div class=\"x-col e76-e10-v2 m24-c\"><div class=\"x-row e76-e10-v3 m24-5 m24-7 m24-b\"><div class=\"x-row-inner\"><a class=\"x-col e76-e10-v4 m24-c m24-d\" href=\"https:\/\/allianceoutdoorlighting.com\/es\/productos-de-iluminacion\/bl50\/\" data-x-effect-provider=\"colors particles effects\"><article class=\"x-div e76-e10-v7 m24-s m24-t m24-3\"><div class=\"x-text x-text-headline e76-e10-v8 m24-f m24-g\"><div class=\"x-text-content\"><div class=\"x-text-content-text\"><h2 class=\"x-text-content-text-primary\">BL50<\/h2>\n<\/div><\/div><\/div><figure class=\"x-div e76-e10-v9 m24-t m24-u m24-3 m24-4\"><span class=\"x-image e76-e10-v10 m24-m m24-o m24-r\"><img decoding=\"async\" src=\"https:\/\/allianceoutdoorlighting.com\/wp-content\/uploads\/2023\/08\/Alliance_BL50_01-1.jpg\" width=\"750\" height=\"711\" alt=\"Imagen destacada de &quot;BL50&quot;\" loading=\"lazy\"><\/span><\/figure><\/article><\/a><a class=\"x-col e76-e10-v4 m24-c m24-d\" href=\"https:\/\/allianceoutdoorlighting.com\/es\/productos-de-iluminacion\/bl110\/\" data-x-effect-provider=\"colors particles effects\"><article class=\"x-div e76-e10-v7 m24-s m24-t m24-3\"><div class=\"x-text x-text-headline e76-e10-v8 m24-f m24-g\"><div class=\"x-text-content\"><div class=\"x-text-content-text\"><h2 class=\"x-text-content-text-primary\">BL110<\/h2>\n<\/div><\/div><\/div><figure class=\"x-div e76-e10-v9 m24-t m24-u m24-3 m24-4\"><span class=\"x-image e76-e10-v10 m24-m m24-o m24-r\"><img decoding=\"async\" src=\"https:\/\/allianceoutdoorlighting.com\/wp-content\/uploads\/2023\/08\/Alliance_BL110_01-1.jpg\" width=\"750\" height=\"711\" alt=\"Imagen destacada para &quot;BL110\" loading=\"lazy\"><\/span><\/figure><\/article><\/a><a class=\"x-col e76-e10-v4 m24-c m24-d\" href=\"https:\/\/allianceoutdoorlighting.com\/es\/productos-de-iluminacion\/bl200\/\" data-x-effect-provider=\"colors particles effects\"><span class=\"x-image e76-e10-v6 m24-m m24-p m24-q\"><img decoding=\"async\" src=\"https:\/\/allianceoutdoorlighting.com\/wp-content\/uploads\/2026\/01\/bt_available.png\" width=\"1388\" height=\"1398\" alt=\"Imagen\" loading=\"lazy\"><\/span><article class=\"x-div e76-e10-v7 m24-s m24-t m24-3\"><div class=\"x-text x-text-headline e76-e10-v8 m24-f m24-g\"><div class=\"x-text-content\"><div class=\"x-text-content-text\"><h2 class=\"x-text-content-text-primary\">BL200<\/h2>\n<\/div><\/div><\/div><figure class=\"x-div e76-e10-v9 m24-t m24-u m24-3 m24-4\"><span class=\"x-image e76-e10-v10 m24-m m24-o m24-r\"><img decoding=\"async\" src=\"https:\/\/allianceoutdoorlighting.com\/wp-content\/uploads\/2024\/02\/Alliance_BL200_01.jpg\" width=\"750\" height=\"711\" alt=\"Imagen destacada para &quot;BL200&quot;\" loading=\"lazy\"><\/span><\/figure><\/article><\/a><a class=\"x-col e76-e10-v4 m24-c m24-d\" href=\"https:\/\/allianceoutdoorlighting.com\/es\/productos-de-iluminacion\/bl300\/\" data-x-effect-provider=\"colors particles effects\"><article class=\"x-div e76-e10-v7 m24-s m24-t m24-3\"><div class=\"x-text x-text-headline e76-e10-v8 m24-f m24-g\"><div class=\"x-text-content\"><div class=\"x-text-content-text\"><h2 class=\"x-text-content-text-primary\">BL300<\/h2>\n<\/div><\/div><\/div><figure class=\"x-div e76-e10-v9 m24-t m24-u m24-3 m24-4\"><span class=\"x-image e76-e10-v10 m24-m m24-o m24-r\"><img decoding=\"async\" src=\"https:\/\/allianceoutdoorlighting.com\/wp-content\/uploads\/2023\/08\/Alliance_BL300_01-1.jpg\" width=\"750\" height=\"711\" alt=\"Imagen destacada para &quot;BL300&quot;\" loading=\"lazy\"><\/span><\/figure><\/article><\/a><a class=\"x-col e76-e10-v4 m24-c m24-d\" href=\"https:\/\/allianceoutdoorlighting.com\/es\/productos-de-iluminacion\/bl395-led\/\" data-x-effect-provider=\"colors particles effects\"><article class=\"x-div e76-e10-v7 m24-s m24-t m24-3\"><div class=\"x-text x-text-headline e76-e10-v8 m24-f m24-g\"><div class=\"x-text-content\"><div class=\"x-text-content-text\"><h2 class=\"x-text-content-text-primary\">BL395-LED<\/h2>\n<\/div><\/div><\/div><figure class=\"x-div e76-e10-v9 m24-t m24-u m24-3 m24-4\"><span class=\"x-image e76-e10-v10 m24-m m24-o m24-r\"><img decoding=\"async\" src=\"https:\/\/allianceoutdoorlighting.com\/wp-content\/uploads\/2023\/08\/Alliance_BL395-LED_01-1.jpg\" width=\"750\" height=\"711\" alt=\"Imagen destacada para &quot;BL395-LED&quot;\" loading=\"lazy\"><\/span><\/figure><\/article><\/a><a class=\"x-col e76-e10-v4 m24-c m24-d\" href=\"https:\/\/allianceoutdoorlighting.com\/es\/productos-de-iluminacion\/bl400-bt-2\/\" data-x-effect-provider=\"colors particles effects\"><span class=\"x-image e76-e10-v5 m24-m m24-n m24-o m24-p\"><img decoding=\"async\" src=\"https:\/\/allianceoutdoorlighting.com\/wp-content\/uploads\/2026\/01\/bt-app-icon-2025-scaled.png\" width=\"2560\" height=\"2560\" alt=\"Imagen\" loading=\"lazy\"><\/span><article class=\"x-div e76-e10-v7 m24-s m24-t m24-3\"><div class=\"x-text x-text-headline e76-e10-v8 m24-f m24-g\"><div class=\"x-text-content\"><div class=\"x-text-content-text\"><h2 class=\"x-text-content-text-primary\">HSC-BL3-BT<\/h2>\n<\/div><\/div><\/div><figure class=\"x-div e76-e10-v9 m24-t m24-u m24-3 m24-4\"><span class=\"x-image e76-e10-v10 m24-m m24-o m24-r\"><img decoding=\"async\" src=\"https:\/\/allianceoutdoorlighting.com\/wp-content\/uploads\/2025\/01\/HSC-BL3_bt-scaled-e1738252798986.jpg\" width=\"710\" height=\"672\" alt=\"Imagen destacada para &quot;HSC-BL3-BT&quot;\" loading=\"lazy\"><\/span><\/figure><\/article><\/a><a class=\"x-col e76-e10-v4 m24-c m24-d\" href=\"https:\/\/allianceoutdoorlighting.com\/es\/productos-de-iluminacion\/bl400-bt\/\" data-x-effect-provider=\"colors particles effects\"><span class=\"x-image e76-e10-v5 m24-m m24-n m24-o m24-p\"><img decoding=\"async\" src=\"https:\/\/allianceoutdoorlighting.com\/wp-content\/uploads\/2026\/01\/bt-app-icon-2025-scaled.png\" width=\"2560\" height=\"2560\" alt=\"Imagen\" loading=\"lazy\"><\/span><article class=\"x-div e76-e10-v7 m24-s m24-t m24-3\"><div class=\"x-text x-text-headline e76-e10-v8 m24-f m24-g\"><div class=\"x-text-content\"><div class=\"x-text-content-text\"><h2 class=\"x-text-content-text-primary\">BL400-BT<\/h2>\n<\/div><\/div><\/div><figure class=\"x-div e76-e10-v9 m24-t m24-u m24-3 m24-4\"><span class=\"x-image e76-e10-v10 m24-m m24-o m24-r\"><img decoding=\"async\" src=\"https:\/\/allianceoutdoorlighting.com\/wp-content\/uploads\/2024\/04\/Alliance_BL400-bt_01.jpg\" width=\"750\" height=\"711\" alt=\"Imagen destacada para &quot;BL400-BT&quot;\" loading=\"lazy\"><\/span><\/figure><\/article><\/a><a class=\"x-col e76-e10-v4 m24-c m24-d\" href=\"https:\/\/allianceoutdoorlighting.com\/es\/productos-de-iluminacion\/bl900\/\" data-x-effect-provider=\"colors particles effects\"><span class=\"x-image e76-e10-v6 m24-m m24-p m24-q\"><img decoding=\"async\" src=\"https:\/\/allianceoutdoorlighting.com\/wp-content\/uploads\/2026\/01\/bt_available.png\" width=\"1388\" height=\"1398\" alt=\"Imagen\" loading=\"lazy\"><\/span><article class=\"x-div e76-e10-v7 m24-s m24-t m24-3\"><div class=\"x-text x-text-headline e76-e10-v8 m24-f m24-g\"><div class=\"x-text-content\"><div class=\"x-text-content-text\"><h2 class=\"x-text-content-text-primary\">BL900<\/h2>\n<\/div><\/div><\/div><figure class=\"x-div e76-e10-v9 m24-t m24-u m24-3 m24-4\"><span class=\"x-image e76-e10-v10 m24-m m24-o m24-r\"><img decoding=\"async\" src=\"https:\/\/allianceoutdoorlighting.com\/wp-content\/uploads\/2023\/08\/Alliance_BL900_01-1.jpg\" width=\"750\" height=\"711\" alt=\"Imagen destacada para &quot;BL900&quot;\" loading=\"lazy\"><\/span><\/figure><\/article><\/a><a class=\"x-col e76-e10-v4 m24-c m24-d\" href=\"https:\/\/allianceoutdoorlighting.com\/es\/productos-de-iluminacion\/hsc-bl-2\/\" data-x-effect-provider=\"colors particles effects\"><article class=\"x-div e76-e10-v7 m24-s m24-t m24-3\"><div class=\"x-text x-text-headline e76-e10-v8 m24-f m24-g\"><div class=\"x-text-content\"><div class=\"x-text-content-text\"><h2 class=\"x-text-content-text-primary\">HSC-BL2<\/h2>\n<\/div><\/div><\/div><figure class=\"x-div e76-e10-v9 m24-t m24-u m24-3 m24-4\"><span class=\"x-image e76-e10-v10 m24-m m24-o m24-r\"><img decoding=\"async\" src=\"https:\/\/allianceoutdoorlighting.com\/wp-content\/uploads\/2025\/01\/HSC-BL2-e1738252948337.jpg\" width=\"439\" height=\"430\" alt=\"Imagen destacada para &quot;HSC-BL2&quot;\" loading=\"lazy\"><\/span><\/figure><\/article><\/a><a class=\"x-col e76-e10-v4 m24-c m24-d\" href=\"https:\/\/allianceoutdoorlighting.com\/es\/productos-de-iluminacion\/hsc-bl\/\" data-x-effect-provider=\"colors particles effects\"><article class=\"x-div e76-e10-v7 m24-s m24-t m24-3\"><div class=\"x-text x-text-headline e76-e10-v8 m24-f m24-g\"><div class=\"x-text-content\"><div class=\"x-text-content-text\"><h2 class=\"x-text-content-text-primary\">HSC-BL1<\/h2>\n<\/div><\/div><\/div><figure class=\"x-div e76-e10-v9 m24-t m24-u m24-3 m24-4\"><span class=\"x-image e76-e10-v10 m24-m m24-o m24-r\"><img decoding=\"async\" src=\"https:\/\/allianceoutdoorlighting.com\/wp-content\/uploads\/2023\/08\/Alliance-Outdoor-Lighting_HSC-BL1_01.jpg\" width=\"750\" height=\"711\" alt=\"Imagen destacada para &quot;HSC-BL1&quot;\" loading=\"lazy\"><\/span><\/figure><\/article><\/a><\/div><\/div><\/div><\/div><\/div><\/div><\/div>","protected":false},"excerpt":{"rendered":"<p>L\u00e1mparas de acento y de luz ascendente para iluminaci\u00f3n paisaj\u00edstica<\/p>","protected":false},"author":1,"featured_media":244,"parent":164,"menu_order":50,"comment_status":"closed","ping_status":"closed","template":"template-blank-4.php","meta":{"_acf_changed":false,"rs_blank_template":"","rs_page_bg_color":"","slide_template_v7":"","footnotes":""},"categories":[3],"tags":[34,35],"class_list":["post-76","page","type-page","status-publish","has-post-thumbnail","hentry","category-accent-up-light","tag-category-page","tag-fixtures"],"acf":[],"yoast_head":"<!-- This site is optimized with the Yoast SEO plugin v26.0 - https:\/\/yoast.com\/wordpress\/plugins\/seo\/ -->\n<title>Accent\/Uplight - Alliance Outdoor Lighting<\/title>\n<meta name=\"description\" content=\"Solid brass, low voltage LED uplights for professional landscape lighting. Precise aiming, with bt system color-changing control options.\" \/>\n<meta name=\"robots\" content=\"index, follow, max-snippet:-1, max-image-preview:large, max-video-preview:-1\" \/>\n<link rel=\"canonical\" href=\"https:\/\/allianceoutdoorlighting.com\/es\/instalaciones\/luz-de-acento\/\" \/>\n<meta property=\"og:locale\" content=\"es_MX\" \/>\n<meta property=\"og:type\" content=\"article\" \/>\n<meta property=\"og:title\" content=\"Accent\/Uplight - Alliance Outdoor Lighting\" \/>\n<meta property=\"og:description\" content=\"Solid brass, low voltage LED uplights for professional landscape lighting. Precise aiming, with bt system color-changing control options.\" \/>\n<meta property=\"og:url\" content=\"https:\/\/allianceoutdoorlighting.com\/es\/instalaciones\/luz-de-acento\/\" \/>\n<meta property=\"og:site_name\" content=\"Alliance Outdoor Lighting\" \/>\n<meta property=\"article:publisher\" content=\"https:\/\/www.facebook.com\/doyouknowalliance\/\" \/>\n<meta property=\"article:modified_time\" content=\"2025-10-03T23:10:59+00:00\" \/>\n<meta property=\"og:image\" content=\"https:\/\/allianceoutdoorlighting.com\/wp-content\/uploads\/2023\/08\/Alliance_BL900_01-1.jpg\" \/>\n\t<meta property=\"og:image:width\" content=\"1500\" \/>\n\t<meta property=\"og:image:height\" content=\"1422\" \/>\n\t<meta property=\"og:image:type\" content=\"image\/jpeg\" \/>\n<meta name=\"twitter:card\" content=\"summary_large_image\" \/>\n<meta name=\"twitter:site\" content=\"@allianceoutdoor\" \/>\n<meta name=\"twitter:label1\" content=\"Tiempo de lectura\" \/>\n\t<meta name=\"twitter:data1\" content=\"68 minutos\" \/>\n<script type=\"application\/ld+json\" class=\"yoast-schema-graph\">{\"@context\":\"https:\/\/schema.org\",\"@graph\":[{\"@type\":\"WebPage\",\"@id\":\"https:\/\/allianceoutdoorlighting.com\/fixtures\/accent-uplight\/\",\"url\":\"https:\/\/allianceoutdoorlighting.com\/fixtures\/accent-uplight\/\",\"name\":\"Accent\/Uplight - Alliance Outdoor Lighting\",\"isPartOf\":{\"@id\":\"https:\/\/allianceoutdoorlighting.com\/#website\"},\"primaryImageOfPage\":{\"@id\":\"https:\/\/allianceoutdoorlighting.com\/fixtures\/accent-uplight\/#primaryimage\"},\"image\":{\"@id\":\"https:\/\/allianceoutdoorlighting.com\/fixtures\/accent-uplight\/#primaryimage\"},\"thumbnailUrl\":\"https:\/\/allianceoutdoorlighting.com\/wp-content\/uploads\/2023\/08\/Alliance_BL900_01-1.jpg\",\"datePublished\":\"2023-07-17T14:59:43+00:00\",\"dateModified\":\"2025-10-03T23:10:59+00:00\",\"description\":\"Solid brass, low voltage LED uplights for professional landscape lighting. Precise aiming, with bt system color-changing control options.\",\"breadcrumb\":{\"@id\":\"https:\/\/allianceoutdoorlighting.com\/fixtures\/accent-uplight\/#breadcrumb\"},\"inLanguage\":\"es\",\"potentialAction\":[{\"@type\":\"ReadAction\",\"target\":[\"https:\/\/allianceoutdoorlighting.com\/fixtures\/accent-uplight\/\"]}]},{\"@type\":\"ImageObject\",\"inLanguage\":\"es\",\"@id\":\"https:\/\/allianceoutdoorlighting.com\/fixtures\/accent-uplight\/#primaryimage\",\"url\":\"https:\/\/allianceoutdoorlighting.com\/wp-content\/uploads\/2023\/08\/Alliance_BL900_01-1.jpg\",\"contentUrl\":\"https:\/\/allianceoutdoorlighting.com\/wp-content\/uploads\/2023\/08\/Alliance_BL900_01-1.jpg\",\"width\":1500,\"height\":1422},{\"@type\":\"BreadcrumbList\",\"@id\":\"https:\/\/allianceoutdoorlighting.com\/fixtures\/accent-uplight\/#breadcrumb\",\"itemListElement\":[{\"@type\":\"ListItem\",\"position\":1,\"name\":\"Home\",\"item\":\"https:\/\/allianceoutdoorlighting.com\/\"},{\"@type\":\"ListItem\",\"position\":2,\"name\":\"Fixtures\",\"item\":\"https:\/\/allianceoutdoorlighting.com\/fixtures\/\"},{\"@type\":\"ListItem\",\"position\":3,\"name\":\"Accent\/Uplight\"}]},{\"@type\":\"WebSite\",\"@id\":\"https:\/\/allianceoutdoorlighting.com\/#website\",\"url\":\"https:\/\/allianceoutdoorlighting.com\/\",\"name\":\"Alliance Outdoor Lighting\",\"description\":\"For the pros who expect the best\u2014rugged brass, smart installs, local support.\",\"publisher\":{\"@id\":\"https:\/\/allianceoutdoorlighting.com\/#organization\"},\"potentialAction\":[{\"@type\":\"SearchAction\",\"target\":{\"@type\":\"EntryPoint\",\"urlTemplate\":\"https:\/\/allianceoutdoorlighting.com\/?s={search_term_string}\"},\"query-input\":{\"@type\":\"PropertyValueSpecification\",\"valueRequired\":true,\"valueName\":\"search_term_string\"}}],\"inLanguage\":\"es\"},{\"@type\":\"Organization\",\"@id\":\"https:\/\/allianceoutdoorlighting.com\/#organization\",\"name\":\"Alliance Outdoor Lighting\",\"alternateName\":\"Alliance Lighting\",\"url\":\"https:\/\/allianceoutdoorlighting.com\/\",\"logo\":{\"@type\":\"ImageObject\",\"inLanguage\":\"es\",\"@id\":\"https:\/\/allianceoutdoorlighting.com\/#\/schema\/logo\/image\/\",\"url\":\"https:\/\/allianceoutdoorlighting.com\/wp-content\/uploads\/2023\/08\/2023_000_Assets-Alliance-Blue.png\",\"contentUrl\":\"https:\/\/allianceoutdoorlighting.com\/wp-content\/uploads\/2023\/08\/2023_000_Assets-Alliance-Blue.png\",\"width\":1200,\"height\":600,\"caption\":\"Alliance Outdoor Lighting\"},\"image\":{\"@id\":\"https:\/\/allianceoutdoorlighting.com\/#\/schema\/logo\/image\/\"},\"sameAs\":[\"https:\/\/www.facebook.com\/doyouknowalliance\/\",\"https:\/\/x.com\/allianceoutdoor\",\"https:\/\/www.youtube.com\/c\/DoYouKnowALLIANCE\",\"https:\/\/www.instagram.com\/allianceoutdoorlighting\/\"]}]}<\/script>\n<!-- \/ Yoast SEO plugin. -->","yoast_head_json":{"title":"Accent\/Uplight - Alliance Outdoor Lighting","description":"Focos LED de bajo voltaje, de lat\u00f3n macizo, para iluminaci\u00f3n paisaj\u00edstica profesional. Orientaci\u00f3n precisa, con opciones de control de cambio de color bt system.","robots":{"index":"index","follow":"follow","max-snippet":"max-snippet:-1","max-image-preview":"max-image-preview:large","max-video-preview":"max-video-preview:-1"},"canonical":"https:\/\/allianceoutdoorlighting.com\/es\/instalaciones\/luz-de-acento\/","og_locale":"es_MX","og_type":"article","og_title":"Accent\/Uplight - Alliance Outdoor Lighting","og_description":"Solid brass, low voltage LED uplights for professional landscape lighting. Precise aiming, with bt system color-changing control options.","og_url":"https:\/\/allianceoutdoorlighting.com\/es\/instalaciones\/luz-de-acento\/","og_site_name":"Alliance Outdoor Lighting","article_publisher":"https:\/\/www.facebook.com\/doyouknowalliance\/","article_modified_time":"2025-10-03T23:10:59+00:00","og_image":[{"width":1500,"height":1422,"url":"https:\/\/allianceoutdoorlighting.com\/wp-content\/uploads\/2023\/08\/Alliance_BL900_01-1.jpg","type":"image\/jpeg"}],"twitter_card":"summary_large_image","twitter_site":"@allianceoutdoor","twitter_misc":{"Tiempo de lectura":"68 minutos"},"schema":{"@context":"https:\/\/schema.org","@graph":[{"@type":"WebPage","@id":"https:\/\/allianceoutdoorlighting.com\/fixtures\/accent-uplight\/","url":"https:\/\/allianceoutdoorlighting.com\/fixtures\/accent-uplight\/","name":"Accent\/Uplight - Alliance Outdoor Lighting","isPartOf":{"@id":"https:\/\/allianceoutdoorlighting.com\/#website"},"primaryImageOfPage":{"@id":"https:\/\/allianceoutdoorlighting.com\/fixtures\/accent-uplight\/#primaryimage"},"image":{"@id":"https:\/\/allianceoutdoorlighting.com\/fixtures\/accent-uplight\/#primaryimage"},"thumbnailUrl":"https:\/\/allianceoutdoorlighting.com\/wp-content\/uploads\/2023\/08\/Alliance_BL900_01-1.jpg","datePublished":"2023-07-17T14:59:43+00:00","dateModified":"2025-10-03T23:10:59+00:00","description":"Focos LED de bajo voltaje, de lat\u00f3n macizo, para iluminaci\u00f3n paisaj\u00edstica profesional. Orientaci\u00f3n precisa, con opciones de control de cambio de color bt system.","breadcrumb":{"@id":"https:\/\/allianceoutdoorlighting.com\/fixtures\/accent-uplight\/#breadcrumb"},"inLanguage":"es","potentialAction":[{"@type":"ReadAction","target":["https:\/\/allianceoutdoorlighting.com\/fixtures\/accent-uplight\/"]}]},{"@type":"ImageObject","inLanguage":"es","@id":"https:\/\/allianceoutdoorlighting.com\/fixtures\/accent-uplight\/#primaryimage","url":"https:\/\/allianceoutdoorlighting.com\/wp-content\/uploads\/2023\/08\/Alliance_BL900_01-1.jpg","contentUrl":"https:\/\/allianceoutdoorlighting.com\/wp-content\/uploads\/2023\/08\/Alliance_BL900_01-1.jpg","width":1500,"height":1422},{"@type":"BreadcrumbList","@id":"https:\/\/allianceoutdoorlighting.com\/fixtures\/accent-uplight\/#breadcrumb","itemListElement":[{"@type":"ListItem","position":1,"name":"Home","item":"https:\/\/allianceoutdoorlighting.com\/"},{"@type":"ListItem","position":2,"name":"Fixtures","item":"https:\/\/allianceoutdoorlighting.com\/fixtures\/"},{"@type":"ListItem","position":3,"name":"Accent\/Uplight"}]},{"@type":"WebSite","@id":"https:\/\/allianceoutdoorlighting.com\/#website","url":"https:\/\/allianceoutdoorlighting.com\/","name":"Alumbrado exterior Alliance","description":"Para los profesionales que esperan lo mejor: lat\u00f3n reforzado, instalaciones inteligentes y asistencia local.","publisher":{"@id":"https:\/\/allianceoutdoorlighting.com\/#organization"},"potentialAction":[{"@type":"SearchAction","target":{"@type":"EntryPoint","urlTemplate":"https:\/\/allianceoutdoorlighting.com\/?s={search_term_string}"},"query-input":{"@type":"PropertyValueSpecification","valueRequired":true,"valueName":"search_term_string"}}],"inLanguage":"es"},{"@type":"Organization","@id":"https:\/\/allianceoutdoorlighting.com\/#organization","name":"Alumbrado exterior Alliance","alternateName":"Alliance Lighting","url":"https:\/\/allianceoutdoorlighting.com\/","logo":{"@type":"ImageObject","inLanguage":"es","@id":"https:\/\/allianceoutdoorlighting.com\/#\/schema\/logo\/image\/","url":"https:\/\/allianceoutdoorlighting.com\/wp-content\/uploads\/2023\/08\/2023_000_Assets-Alliance-Blue.png","contentUrl":"https:\/\/allianceoutdoorlighting.com\/wp-content\/uploads\/2023\/08\/2023_000_Assets-Alliance-Blue.png","width":1200,"height":600,"caption":"Alliance Outdoor Lighting"},"image":{"@id":"https:\/\/allianceoutdoorlighting.com\/#\/schema\/logo\/image\/"},"sameAs":["https:\/\/www.facebook.com\/doyouknowalliance\/","https:\/\/x.com\/allianceoutdoor","https:\/\/www.youtube.com\/c\/DoYouKnowALLIANCE","https:\/\/www.instagram.com\/allianceoutdoorlighting\/"]}]}},"_links":{"self":[{"href":"https:\/\/allianceoutdoorlighting.com\/es\/wp-json\/wp\/v2\/pages\/76","targetHints":{"allow":["GET"]}}],"collection":[{"href":"https:\/\/allianceoutdoorlighting.com\/es\/wp-json\/wp\/v2\/pages"}],"about":[{"href":"https:\/\/allianceoutdoorlighting.com\/es\/wp-json\/wp\/v2\/types\/page"}],"author":[{"embeddable":true,"href":"https:\/\/allianceoutdoorlighting.com\/es\/wp-json\/wp\/v2\/users\/1"}],"replies":[{"embeddable":true,"href":"https:\/\/allianceoutdoorlighting.com\/es\/wp-json\/wp\/v2\/comments?post=76"}],"version-history":[{"count":28,"href":"https:\/\/allianceoutdoorlighting.com\/es\/wp-json\/wp\/v2\/pages\/76\/revisions"}],"predecessor-version":[{"id":4867,"href":"https:\/\/allianceoutdoorlighting.com\/es\/wp-json\/wp\/v2\/pages\/76\/revisions\/4867"}],"up":[{"embeddable":true,"href":"https:\/\/allianceoutdoorlighting.com\/es\/wp-json\/wp\/v2\/pages\/164"}],"wp:featuredmedia":[{"embeddable":true,"href":"https:\/\/allianceoutdoorlighting.com\/es\/wp-json\/wp\/v2\/media\/244"}],"wp:attachment":[{"href":"https:\/\/allianceoutdoorlighting.com\/es\/wp-json\/wp\/v2\/media?parent=76"}],"wp:term":[{"taxonomy":"category","embeddable":true,"href":"https:\/\/allianceoutdoorlighting.com\/es\/wp-json\/wp\/v2\/categories?post=76"},{"taxonomy":"post_tag","embeddable":true,"href":"https:\/\/allianceoutdoorlighting.com\/es\/wp-json\/wp\/v2\/tags?post=76"}],"curies":[{"name":"wp","href":"https:\/\/api.w.org\/{rel}","templated":true}]}}