{"id":724,"date":"2023-08-29T15:08:37","date_gmt":"2023-08-29T15:08:37","guid":{"rendered":"https:\/\/allianceoutdoorlighting.com\/?page_id=724"},"modified":"2024-07-08T18:15:39","modified_gmt":"2024-07-08T18:15:39","slug":"videoteca-de-instalaciones","status":"publish","type":"page","link":"https:\/\/allianceoutdoorlighting.com\/es\/videoteca\/videoteca-de-instalaciones\/","title":{"rendered":"Videoteca de instalaci\u00f3n"},"content":{"rendered":"<div id=\"cs-content\" class=\"cs-content\"><\/div>","protected":false},"excerpt":{"rendered":"<p>Videoteca de instalaci\u00f3n C\u00f3mo cablear luminarias de un solo cable Cableado de luminarias de saliente como la SL-75 en una pared utilizando cables de un solo conductor. Duraci\u00f3n: 2:03Cableado defectuoso Un gran ejemplo de cableado defectuoso y de c\u00f3mo cablear correctamente las luminarias. Duraci\u00f3n: 2:39Instalaci\u00f3n de BOLLARD100-LED Este v\u00eddeo muestra c\u00f3mo instalar correctamente una BOLLARD100-LED. Duraci\u00f3n: 4:13<\/p>","protected":false},"author":1,"featured_media":0,"parent":697,"menu_order":20,"comment_status":"closed","ping_status":"closed","template":"template-blank-4.php","meta":{"_acf_changed":false,"rs_blank_template":"","rs_page_bg_color":"","slide_template_v7":"","footnotes":""},"categories":[],"tags":[],"class_list":["post-724","page","type-page","status-publish","hentry","no-post-thumbnail"],"acf":[],"yoast_head":"<!-- This site is optimized with the Yoast SEO plugin v26.0 - https:\/\/yoast.com\/wordpress\/plugins\/seo\/ -->\n<title>Installation Video Library - Alliance Outdoor Lighting<\/title>\n<meta name=\"robots\" content=\"index, follow, max-snippet:-1, max-image-preview:large, max-video-preview:-1\" \/>\n<link rel=\"canonical\" href=\"https:\/\/allianceoutdoorlighting.com\/es\/videoteca\/videoteca-de-instalaciones\/\" \/>\n<meta property=\"og:locale\" content=\"es_MX\" \/>\n<meta property=\"og:type\" content=\"article\" \/>\n<meta property=\"og:title\" content=\"Installation Video Library - Alliance Outdoor Lighting\" \/>\n<meta property=\"og:description\" content=\"Installation Video Library How to Wire Single Lead Fixtures Wiring ledge lights like the SL-75 into a wall using the single wire leads. Running Time 2:03Bad Wiring A great example of bad wiring and how to properly wire fixtures. Running Time: 2:39BOLLARD100-LED Install This video shows how to properly install a BOLLARD100-LED. Running Time: 4:13\" \/>\n<meta property=\"og:url\" content=\"https:\/\/allianceoutdoorlighting.com\/es\/videoteca\/videoteca-de-instalaciones\/\" \/>\n<meta property=\"og:site_name\" content=\"Alliance Outdoor Lighting\" \/>\n<meta property=\"article:publisher\" content=\"https:\/\/www.facebook.com\/doyouknowalliance\/\" \/>\n<meta property=\"article:modified_time\" content=\"2024-07-08T18:15:39+00:00\" \/>\n<meta property=\"og:image\" content=\"https:\/\/allianceoutdoorlighting.com\/wp-content\/uploads\/2025\/06\/FL50_ShadowNight4-scaled.jpg\" \/>\n\t<meta property=\"og:image:width\" content=\"2560\" \/>\n\t<meta property=\"og:image:height\" content=\"1440\" \/>\n\t<meta property=\"og:image:type\" content=\"image\/jpeg\" \/>\n<meta name=\"twitter:card\" content=\"summary_large_image\" \/>\n<meta name=\"twitter:site\" content=\"@allianceoutdoor\" \/>\n<meta name=\"twitter:label1\" content=\"Tiempo de lectura\" \/>\n\t<meta name=\"twitter:data1\" content=\"1 minuto\" \/>\n<script type=\"application\/ld+json\" class=\"yoast-schema-graph\">{\"@context\":\"https:\/\/schema.org\",\"@graph\":[{\"@type\":\"WebPage\",\"@id\":\"https:\/\/allianceoutdoorlighting.com\/video-library\/installation-video-library\/\",\"url\":\"https:\/\/allianceoutdoorlighting.com\/video-library\/installation-video-library\/\",\"name\":\"Installation Video Library - Alliance Outdoor Lighting\",\"isPartOf\":{\"@id\":\"https:\/\/allianceoutdoorlighting.com\/#website\"},\"datePublished\":\"2023-08-29T15:08:37+00:00\",\"dateModified\":\"2024-07-08T18:15:39+00:00\",\"breadcrumb\":{\"@id\":\"https:\/\/allianceoutdoorlighting.com\/video-library\/installation-video-library\/#breadcrumb\"},\"inLanguage\":\"es\",\"potentialAction\":[{\"@type\":\"ReadAction\",\"target\":[\"https:\/\/allianceoutdoorlighting.com\/video-library\/installation-video-library\/\"]}]},{\"@type\":\"BreadcrumbList\",\"@id\":\"https:\/\/allianceoutdoorlighting.com\/video-library\/installation-video-library\/#breadcrumb\",\"itemListElement\":[{\"@type\":\"ListItem\",\"position\":1,\"name\":\"Home\",\"item\":\"https:\/\/allianceoutdoorlighting.com\/\"},{\"@type\":\"ListItem\",\"position\":2,\"name\":\"Video Library\",\"item\":\"https:\/\/allianceoutdoorlighting.com\/video-library\/\"},{\"@type\":\"ListItem\",\"position\":3,\"name\":\"Installation Video Library\"}]},{\"@type\":\"WebSite\",\"@id\":\"https:\/\/allianceoutdoorlighting.com\/#website\",\"url\":\"https:\/\/allianceoutdoorlighting.com\/\",\"name\":\"Alliance Outdoor Lighting\",\"description\":\"For the pros who expect the best\u2014rugged brass, smart installs, local support.\",\"publisher\":{\"@id\":\"https:\/\/allianceoutdoorlighting.com\/#organization\"},\"potentialAction\":[{\"@type\":\"SearchAction\",\"target\":{\"@type\":\"EntryPoint\",\"urlTemplate\":\"https:\/\/allianceoutdoorlighting.com\/?s={search_term_string}\"},\"query-input\":{\"@type\":\"PropertyValueSpecification\",\"valueRequired\":true,\"valueName\":\"search_term_string\"}}],\"inLanguage\":\"es\"},{\"@type\":\"Organization\",\"@id\":\"https:\/\/allianceoutdoorlighting.com\/#organization\",\"name\":\"Alliance Outdoor Lighting\",\"alternateName\":\"Alliance Lighting\",\"url\":\"https:\/\/allianceoutdoorlighting.com\/\",\"logo\":{\"@type\":\"ImageObject\",\"inLanguage\":\"es\",\"@id\":\"https:\/\/allianceoutdoorlighting.com\/#\/schema\/logo\/image\/\",\"url\":\"https:\/\/allianceoutdoorlighting.com\/wp-content\/uploads\/2023\/08\/2023_000_Assets-Alliance-Blue.png\",\"contentUrl\":\"https:\/\/allianceoutdoorlighting.com\/wp-content\/uploads\/2023\/08\/2023_000_Assets-Alliance-Blue.png\",\"width\":1200,\"height\":600,\"caption\":\"Alliance Outdoor Lighting\"},\"image\":{\"@id\":\"https:\/\/allianceoutdoorlighting.com\/#\/schema\/logo\/image\/\"},\"sameAs\":[\"https:\/\/www.facebook.com\/doyouknowalliance\/\",\"https:\/\/x.com\/allianceoutdoor\",\"https:\/\/www.youtube.com\/c\/DoYouKnowALLIANCE\",\"https:\/\/www.instagram.com\/allianceoutdoorlighting\/\"]}]}<\/script>\n<!-- \/ Yoast SEO plugin. -->","yoast_head_json":{"title":"Videoteca de instalaci\u00f3n - Alliance Outdoor Lighting","robots":{"index":"index","follow":"follow","max-snippet":"max-snippet:-1","max-image-preview":"max-image-preview:large","max-video-preview":"max-video-preview:-1"},"canonical":"https:\/\/allianceoutdoorlighting.com\/es\/videoteca\/videoteca-de-instalaciones\/","og_locale":"es_MX","og_type":"article","og_title":"Installation Video Library - Alliance Outdoor Lighting","og_description":"Installation Video Library How to Wire Single Lead Fixtures Wiring ledge lights like the SL-75 into a wall using the single wire leads. Running Time 2:03Bad Wiring A great example of bad wiring and how to properly wire fixtures. Running Time: 2:39BOLLARD100-LED Install This video shows how to properly install a BOLLARD100-LED. Running Time: 4:13","og_url":"https:\/\/allianceoutdoorlighting.com\/es\/videoteca\/videoteca-de-instalaciones\/","og_site_name":"Alliance Outdoor Lighting","article_publisher":"https:\/\/www.facebook.com\/doyouknowalliance\/","article_modified_time":"2024-07-08T18:15:39+00:00","og_image":[{"width":2560,"height":1440,"url":"https:\/\/allianceoutdoorlighting.com\/wp-content\/uploads\/2025\/06\/FL50_ShadowNight4-scaled.jpg","type":"image\/jpeg"}],"twitter_card":"summary_large_image","twitter_site":"@allianceoutdoor","twitter_misc":{"Tiempo de lectura":"1 minuto"},"schema":{"@context":"https:\/\/schema.org","@graph":[{"@type":"WebPage","@id":"https:\/\/allianceoutdoorlighting.com\/video-library\/installation-video-library\/","url":"https:\/\/allianceoutdoorlighting.com\/video-library\/installation-video-library\/","name":"Videoteca de instalaci\u00f3n - Alliance Outdoor Lighting","isPartOf":{"@id":"https:\/\/allianceoutdoorlighting.com\/#website"},"datePublished":"2023-08-29T15:08:37+00:00","dateModified":"2024-07-08T18:15:39+00:00","breadcrumb":{"@id":"https:\/\/allianceoutdoorlighting.com\/video-library\/installation-video-library\/#breadcrumb"},"inLanguage":"es","potentialAction":[{"@type":"ReadAction","target":["https:\/\/allianceoutdoorlighting.com\/video-library\/installation-video-library\/"]}]},{"@type":"BreadcrumbList","@id":"https:\/\/allianceoutdoorlighting.com\/video-library\/installation-video-library\/#breadcrumb","itemListElement":[{"@type":"ListItem","position":1,"name":"Home","item":"https:\/\/allianceoutdoorlighting.com\/"},{"@type":"ListItem","position":2,"name":"Video Library","item":"https:\/\/allianceoutdoorlighting.com\/video-library\/"},{"@type":"ListItem","position":3,"name":"Installation Video Library"}]},{"@type":"WebSite","@id":"https:\/\/allianceoutdoorlighting.com\/#website","url":"https:\/\/allianceoutdoorlighting.com\/","name":"Alumbrado exterior Alliance","description":"Para los profesionales que esperan lo mejor: lat\u00f3n reforzado, instalaciones inteligentes y asistencia local.","publisher":{"@id":"https:\/\/allianceoutdoorlighting.com\/#organization"},"potentialAction":[{"@type":"SearchAction","target":{"@type":"EntryPoint","urlTemplate":"https:\/\/allianceoutdoorlighting.com\/?s={search_term_string}"},"query-input":{"@type":"PropertyValueSpecification","valueRequired":true,"valueName":"search_term_string"}}],"inLanguage":"es"},{"@type":"Organization","@id":"https:\/\/allianceoutdoorlighting.com\/#organization","name":"Alumbrado exterior Alliance","alternateName":"Alliance Lighting","url":"https:\/\/allianceoutdoorlighting.com\/","logo":{"@type":"ImageObject","inLanguage":"es","@id":"https:\/\/allianceoutdoorlighting.com\/#\/schema\/logo\/image\/","url":"https:\/\/allianceoutdoorlighting.com\/wp-content\/uploads\/2023\/08\/2023_000_Assets-Alliance-Blue.png","contentUrl":"https:\/\/allianceoutdoorlighting.com\/wp-content\/uploads\/2023\/08\/2023_000_Assets-Alliance-Blue.png","width":1200,"height":600,"caption":"Alliance Outdoor Lighting"},"image":{"@id":"https:\/\/allianceoutdoorlighting.com\/#\/schema\/logo\/image\/"},"sameAs":["https:\/\/www.facebook.com\/doyouknowalliance\/","https:\/\/x.com\/allianceoutdoor","https:\/\/www.youtube.com\/c\/DoYouKnowALLIANCE","https:\/\/www.instagram.com\/allianceoutdoorlighting\/"]}]}},"_links":{"self":[{"href":"https:\/\/allianceoutdoorlighting.com\/es\/wp-json\/wp\/v2\/pages\/724","targetHints":{"allow":["GET"]}}],"collection":[{"href":"https:\/\/allianceoutdoorlighting.com\/es\/wp-json\/wp\/v2\/pages"}],"about":[{"href":"https:\/\/allianceoutdoorlighting.com\/es\/wp-json\/wp\/v2\/types\/page"}],"author":[{"embeddable":true,"href":"https:\/\/allianceoutdoorlighting.com\/es\/wp-json\/wp\/v2\/users\/1"}],"replies":[{"embeddable":true,"href":"https:\/\/allianceoutdoorlighting.com\/es\/wp-json\/wp\/v2\/comments?post=724"}],"version-history":[{"count":3,"href":"https:\/\/allianceoutdoorlighting.com\/es\/wp-json\/wp\/v2\/pages\/724\/revisions"}],"predecessor-version":[{"id":3380,"href":"https:\/\/allianceoutdoorlighting.com\/es\/wp-json\/wp\/v2\/pages\/724\/revisions\/3380"}],"up":[{"embeddable":true,"href":"https:\/\/allianceoutdoorlighting.com\/es\/wp-json\/wp\/v2\/pages\/697"}],"wp:attachment":[{"href":"https:\/\/allianceoutdoorlighting.com\/es\/wp-json\/wp\/v2\/media?parent=724"}],"wp:term":[{"taxonomy":"category","embeddable":true,"href":"https:\/\/allianceoutdoorlighting.com\/es\/wp-json\/wp\/v2\/categories?post=724"},{"taxonomy":"post_tag","embeddable":true,"href":"https:\/\/allianceoutdoorlighting.com\/es\/wp-json\/wp\/v2\/tags?post=724"}],"curies":[{"name":"wp","href":"https:\/\/api.w.org\/{rel}","templated":true}]}}