{"id":609,"date":"2023-08-23T20:51:36","date_gmt":"2023-08-23T20:51:36","guid":{"rendered":"https:\/\/allianceoutdoorlighting.com\/?page_id=609"},"modified":"2025-10-14T21:58:38","modified_gmt":"2025-10-14T21:58:38","slug":"kit-de-demostracion-2","status":"publish","type":"page","link":"https:\/\/allianceoutdoorlighting.com\/es\/kit-de-demostracion-2\/","title":{"rendered":"Kit de demostraci\u00f3n"},"content":{"rendered":"<div id=\"cs-content\" class=\"cs-content\"><div class=\"x-section e609-e1 mgx-0 mgx-1 alliance-category-section\" style=\"--tco-dcgx-1:;\"><div class=\"x-row x-container max width e609-e2 mgx-3 mgx-4 mgx-9 mgx-a\"><div class=\"x-row-inner\"><div class=\"x-col e609-e3 mgx-e\"><div class=\"x-text x-text-headline e609-e4 mgx-i mgx-j mgx-k mgx-l alliance-category-title\"><div class=\"x-text-content\"><div class=\"x-text-content-text\"><h1 class=\"x-text-content-text-primary\">Kit de demostraci\u00f3n<\/h1>\n<\/div><\/div><\/div><\/div><\/div><\/div><\/div><div class=\"x-section e609-e5 mgx-0 mgx-2\"><div class=\"x-row x-container max width e609-e6 mgx-3 mgx-5 mgx-6 mgx-9 mgx-b\"><div class=\"x-row-inner\"><div class=\"x-col e609-e7 mgx-e mgx-f mgx-g\"><div class=\"x-text x-text-headline e609-e8 mgx-k mgx-l mgx-m mgx-n mgx-o\"><div class=\"x-text-content\"><div class=\"x-text-content-text\"><h1 class=\"x-text-content-text-primary\"><span style=\"color: #117cc0;\"><strong>El kit de demostraci\u00f3n de la alianza:<br \/>Una herramienta de ventas probada para contratistas de iluminaci\u00f3n paisaj\u00edstica<\/strong><\/span><\/h1>\n<\/div><\/div><\/div><div class=\"x-text x-content e609-e9 mgx-u mgx-v mgx-w mgx-x\"><p data-start=\"264\" data-end=\"485\"><strong>\u00bfQuiere conseguir m\u00e1s empleos en el sector de la iluminaci\u00f3n?<\/strong> El Kit de Demostraci\u00f3n de Alliance le ayuda a vender el valor de la iluminaci\u00f3n exterior directamente en el jard\u00edn de su cliente. Inst\u00e1lelo in situ para mostrar al instante c\u00f3mo la iluminaci\u00f3n puede transformar una propiedad cuando oscurece.<\/p>\n<p data-start=\"487\" data-end=\"543\"><strong>Los contratistas que utilizan un kit de demostraci\u00f3n cierran m\u00e1s trabajos. <\/strong><\/p>\n<p data-start=\"487\" data-end=\"543\"><strong>As\u00ed de sencillo.<\/strong><\/p><\/div><\/div><div class=\"x-col e609-e10 mgx-e mgx-f mgx-g\"><span class=\"x-image e609-e11 mgx-12 mgx-13\"><img decoding=\"async\" src=\"https:\/\/allianceoutdoorlighting.com\/wp-content\/uploads\/2025\/07\/QuickConnectionCloseUp.png\" width=\"540\" height=\"451\" alt=\"Imagen\" loading=\"lazy\"><\/span><div class=\"x-text x-content e609-e12 mgx-v mgx-y mgx-z\"><p><strong>Adaptadores de conexi\u00f3n r\u00e1pida<\/strong> est\u00e1n preinstalados en cada extremo del cable para conexiones r\u00e1pidas y sin herramientas.<\/p><\/div><\/div><\/div><\/div><div class=\"x-row x-container max width e609-e13 mgx-3 mgx-6 mgx-7 mgx-9 mgx-c\"><div class=\"x-row-inner\"><div class=\"x-col e609-e14 mgx-e mgx-f mgx-h\"><span class=\"x-image e609-e15 mgx-12 mgx-13\"><img decoding=\"async\" src=\"https:\/\/allianceoutdoorlighting.com\/wp-content\/uploads\/2025\/07\/AllianceDemoKit8-bt_Animated.gif\" width=\"960\" height=\"540\" alt=\"Imagen\" loading=\"lazy\"><\/span><div class=\"x-text x-text-headline e609-e16 mgx-k mgx-l mgx-n mgx-o mgx-p mgx-q mgx-r\"><div class=\"x-text-content\"><div class=\"x-text-content-text\"><h3 class=\"x-text-content-text-primary\"><span style=\"color: #117cc0;\"><strong>\u00bfQu\u00e9 contienen los kits de demostraci\u00f3n?<\/strong><\/span><\/h3>\n<\/div><\/div><\/div><div class=\"x-text x-text-headline e609-e17 mgx-k mgx-n mgx-o mgx-p mgx-r mgx-s\"><div class=\"x-text-content\"><div class=\"x-text-content-text\"><h4 class=\"x-text-content-text-primary\"><strong>Ofrecemos dos versiones: una con Bluetooth\u00ae y otra con LED est\u00e1ndar.<\/strong><\/h4>\n<\/div><\/div><\/div><hr class=\"x-line e609-e18 mgx-15\"\/><div class=\"x-row e609-e19 mgx-3 mgx-6 mgx-8 mgx-9 mgx-d\"><div class=\"x-row-inner\"><div class=\"x-col e609-e20 mgx-e\"><div class=\"x-text x-content e609-e21 mgx-u mgx-v mgx-w mgx-x\"><p><strong>DEMOKIT8-bt Incluye:<\/strong><br \/><strong>- Conformidad con el DOE<br \/><\/strong><em data-start=\"806\" data-end=\"838\">(Kit de demostraci\u00f3n Bluetooth\u00ae)<\/em><\/p>\n<ul>\n<li>(6) Luces de bala BL200-bt<\/li>\n<li>(2) Estacas ALSTEM12-bt<\/li>\n<li>(2) Sombreros de luz de \u00e1rea AL100<\/li>\n<li>(1) bt-RE Bluetooth<em data-start=\"806\" data-end=\"838\">\u00ae <\/em>Extensor de alcance<\/li>\n<li>(1) Transformador TF150<\/li>\n<li>(2) Divisores de cable<\/li>\n<li>(12) Conectores adicionales<\/li>\n<li>Malet\u00edn de almacenamiento<\/li>\n<\/ul><\/div><\/div><div class=\"x-col e609-e22 mgx-e\"><div class=\"x-text x-content e609-e23 mgx-u mgx-v mgx-w mgx-x\"><p><strong>DEMOKIT8 Incluye:<br \/><\/strong>(Kit de demostraci\u00f3n de LED)<strong><br \/><\/strong><\/p>\n<ul>\n<li>(6) Luces de bala BL200-LED4W<\/li>\n<li>(2) Estacas ALSTEM12-LED<\/li>\n<li>(2) Sombreros de luz de \u00e1rea AL100<\/li>\n<li>(1) Transformador TF150<\/li>\n<li>(2) Divisores de cable<\/li>\n<li>(12) Conectores adicionales<\/li>\n<li>Malet\u00edn de almacenamiento<\/li>\n<\/ul><\/div><\/div><\/div><\/div><span class=\"x-image e609-e24 mgx-12 mgx-14\"><img decoding=\"async\" src=\"https:\/\/allianceoutdoorlighting.com\/wp-content\/uploads\/2025\/07\/DemoKit_DK8_edit-QConnects.jpg\" width=\"875\" height=\"625\" alt=\"Imagen\" loading=\"lazy\"><\/span><div class=\"x-text x-content e609-e25 mgx-v mgx-w mgx-x mgx-z mgx-10\"><p><strong>Caracter\u00edsticas del kit de demostraci\u00f3n:<\/strong><\/p>\n<ul>\n<li data-start=\"1335\" data-end=\"1446\">\n<p data-start=\"1337\" data-end=\"1446\"><strong data-start=\"1337\" data-end=\"1376\">Cables dobles en todas las luminarias:<\/strong> Dos cables marrones 16 AWG con certificaci\u00f3n UL por luminaria (longitudes de 18\" y 25').<\/p>\n<\/li>\n<li data-start=\"1447\" data-end=\"1572\">\n<p data-start=\"1449\" data-end=\"1572\"><strong data-start=\"1449\" data-end=\"1476\">Adaptadores de conexi\u00f3n r\u00e1pida:<\/strong> Preinstalado en cada extremo del cable para conexiones r\u00e1pidas y sin herramientas. <em data-start=\"1542\" data-end=\"1570\">(No para enterramiento en el suelo)<\/em><\/p>\n<\/li>\n<li data-start=\"1573\" data-end=\"1694\">\n<p data-start=\"1575\" data-end=\"1694\"><strong data-start=\"1575\" data-end=\"1601\">Transformador precableado:<\/strong> El transformador TF150 viene preconectado con un cable de 18\" y un adaptador de conexi\u00f3n r\u00e1pida.<\/p>\n<\/li>\n<li data-start=\"1695\" data-end=\"1775\">\n<p data-start=\"1697\" data-end=\"1775\"><strong data-start=\"1697\" data-end=\"1723\">Malet\u00edn de almacenamiento port\u00e1til:<\/strong> Duradera y compacta: f\u00e1cil de guardar y transportar.<\/p>\n<\/li>\n<li data-start=\"1776\" data-end=\"1813\">\n<p data-start=\"1778\" data-end=\"1813\"><strong data-start=\"1778\" data-end=\"1813\">Conectores r\u00e1pidos adicionales incluidos<\/strong><\/p>\n<\/li>\n<\/ul><\/div><\/div><div class=\"x-col e609-e26 mgx-e\"><div class=\"x-text x-text-headline e609-e27 mgx-i mgx-k mgx-l mgx-o mgx-r mgx-t\"><div class=\"x-text-content\"><div class=\"x-text-content-text\"><h4 class=\"x-text-content-text-primary\">\u00bfQuiere saber m\u00e1s?<\/h4>\n<\/div><\/div><\/div><div class=\"x-text x-content e609-e28 mgx-u mgx-v mgx-x mgx-11\"><p>Consulte nuestro <strong><a title=\"Consejos profesionales para utilizar el Kit de demostraci\u00f3n de la Alianza\" href=\"https:\/\/allianceoutdoorlighting.com\/es\/kit-de-demostracion-de-iluminacion-paisajistica\/\" target=\"_blank\" rel=\"noopener\">consejos profesionales para utilizar el Alliance Demo Kit<\/a><\/strong> para cerrar m\u00e1s ventas.&nbsp;<\/p><\/div><\/div><\/div><\/div><\/div><\/div>","protected":false},"excerpt":{"rendered":"<p>Un kit de demostraci\u00f3n es una excelente forma de ampliar su negocio de iluminaci\u00f3n.<\/p>","protected":false},"author":1,"featured_media":0,"parent":0,"menu_order":22,"comment_status":"closed","ping_status":"closed","template":"template-blank-4.php","meta":{"_acf_changed":false,"rs_blank_template":"","rs_page_bg_color":"","slide_template_v7":"","footnotes":""},"categories":[],"tags":[],"class_list":["post-609","page","type-page","status-publish","hentry","no-post-thumbnail"],"acf":[],"yoast_head":"<!-- This site is optimized with the Yoast SEO plugin v26.0 - https:\/\/yoast.com\/wordpress\/plugins\/seo\/ -->\n<title>Demo Kit - Alliance Outdoor Lighting<\/title>\n<meta name=\"robots\" content=\"index, follow, max-snippet:-1, max-image-preview:large, max-video-preview:-1\" \/>\n<link rel=\"canonical\" href=\"https:\/\/allianceoutdoorlighting.com\/es\/kit-de-demostracion-2\/\" \/>\n<meta property=\"og:locale\" content=\"es_MX\" \/>\n<meta property=\"og:type\" content=\"article\" \/>\n<meta property=\"og:title\" content=\"Demo Kit - Alliance Outdoor Lighting\" \/>\n<meta property=\"og:description\" content=\"A demo kit is a great way to expand your lighting business.\" \/>\n<meta property=\"og:url\" content=\"https:\/\/allianceoutdoorlighting.com\/es\/kit-de-demostracion-2\/\" \/>\n<meta property=\"og:site_name\" content=\"Alliance Outdoor Lighting\" \/>\n<meta property=\"article:publisher\" content=\"https:\/\/www.facebook.com\/doyouknowalliance\/\" \/>\n<meta property=\"article:modified_time\" content=\"2025-10-14T21:58:38+00:00\" \/>\n<meta property=\"og:image\" content=\"https:\/\/allianceoutdoorlighting.com\/wp-content\/uploads\/2025\/06\/FL50_ShadowNight4-scaled.jpg\" \/>\n\t<meta property=\"og:image:width\" content=\"2560\" \/>\n\t<meta property=\"og:image:height\" content=\"1440\" \/>\n\t<meta property=\"og:image:type\" content=\"image\/jpeg\" \/>\n<meta name=\"twitter:card\" content=\"summary_large_image\" \/>\n<meta name=\"twitter:site\" content=\"@allianceoutdoor\" \/>\n<meta name=\"twitter:label1\" content=\"Tiempo de lectura\" \/>\n\t<meta name=\"twitter:data1\" content=\"3 minutos\" \/>\n<script type=\"application\/ld+json\" class=\"yoast-schema-graph\">{\"@context\":\"https:\/\/schema.org\",\"@graph\":[{\"@type\":\"WebPage\",\"@id\":\"https:\/\/allianceoutdoorlighting.com\/demo-kit\/\",\"url\":\"https:\/\/allianceoutdoorlighting.com\/demo-kit\/\",\"name\":\"Demo Kit - Alliance Outdoor Lighting\",\"isPartOf\":{\"@id\":\"https:\/\/allianceoutdoorlighting.com\/#website\"},\"datePublished\":\"2023-08-23T20:51:36+00:00\",\"dateModified\":\"2025-10-14T21:58:38+00:00\",\"breadcrumb\":{\"@id\":\"https:\/\/allianceoutdoorlighting.com\/demo-kit\/#breadcrumb\"},\"inLanguage\":\"es\",\"potentialAction\":[{\"@type\":\"ReadAction\",\"target\":[\"https:\/\/allianceoutdoorlighting.com\/demo-kit\/\"]}]},{\"@type\":\"BreadcrumbList\",\"@id\":\"https:\/\/allianceoutdoorlighting.com\/demo-kit\/#breadcrumb\",\"itemListElement\":[{\"@type\":\"ListItem\",\"position\":1,\"name\":\"Home\",\"item\":\"https:\/\/allianceoutdoorlighting.com\/\"},{\"@type\":\"ListItem\",\"position\":2,\"name\":\"Demo Kit\"}]},{\"@type\":\"WebSite\",\"@id\":\"https:\/\/allianceoutdoorlighting.com\/#website\",\"url\":\"https:\/\/allianceoutdoorlighting.com\/\",\"name\":\"Alliance Outdoor Lighting\",\"description\":\"For the pros who expect the best\u2014rugged brass, smart installs, local support.\",\"publisher\":{\"@id\":\"https:\/\/allianceoutdoorlighting.com\/#organization\"},\"potentialAction\":[{\"@type\":\"SearchAction\",\"target\":{\"@type\":\"EntryPoint\",\"urlTemplate\":\"https:\/\/allianceoutdoorlighting.com\/?s={search_term_string}\"},\"query-input\":{\"@type\":\"PropertyValueSpecification\",\"valueRequired\":true,\"valueName\":\"search_term_string\"}}],\"inLanguage\":\"es\"},{\"@type\":\"Organization\",\"@id\":\"https:\/\/allianceoutdoorlighting.com\/#organization\",\"name\":\"Alliance Outdoor Lighting\",\"alternateName\":\"Alliance Lighting\",\"url\":\"https:\/\/allianceoutdoorlighting.com\/\",\"logo\":{\"@type\":\"ImageObject\",\"inLanguage\":\"es\",\"@id\":\"https:\/\/allianceoutdoorlighting.com\/#\/schema\/logo\/image\/\",\"url\":\"https:\/\/allianceoutdoorlighting.com\/wp-content\/uploads\/2023\/08\/2023_000_Assets-Alliance-Blue.png\",\"contentUrl\":\"https:\/\/allianceoutdoorlighting.com\/wp-content\/uploads\/2023\/08\/2023_000_Assets-Alliance-Blue.png\",\"width\":1200,\"height\":600,\"caption\":\"Alliance Outdoor Lighting\"},\"image\":{\"@id\":\"https:\/\/allianceoutdoorlighting.com\/#\/schema\/logo\/image\/\"},\"sameAs\":[\"https:\/\/www.facebook.com\/doyouknowalliance\/\",\"https:\/\/x.com\/allianceoutdoor\",\"https:\/\/www.youtube.com\/c\/DoYouKnowALLIANCE\",\"https:\/\/www.instagram.com\/allianceoutdoorlighting\/\"]}]}<\/script>\n<!-- \/ Yoast SEO plugin. -->","yoast_head_json":{"title":"Kit de demostraci\u00f3n - Alliance Outdoor Lighting","robots":{"index":"index","follow":"follow","max-snippet":"max-snippet:-1","max-image-preview":"max-image-preview:large","max-video-preview":"max-video-preview:-1"},"canonical":"https:\/\/allianceoutdoorlighting.com\/es\/kit-de-demostracion-2\/","og_locale":"es_MX","og_type":"article","og_title":"Demo Kit - Alliance Outdoor Lighting","og_description":"A demo kit is a great way to expand your lighting business.","og_url":"https:\/\/allianceoutdoorlighting.com\/es\/kit-de-demostracion-2\/","og_site_name":"Alliance Outdoor Lighting","article_publisher":"https:\/\/www.facebook.com\/doyouknowalliance\/","article_modified_time":"2025-10-14T21:58:38+00:00","og_image":[{"width":2560,"height":1440,"url":"https:\/\/allianceoutdoorlighting.com\/wp-content\/uploads\/2025\/06\/FL50_ShadowNight4-scaled.jpg","type":"image\/jpeg"}],"twitter_card":"summary_large_image","twitter_site":"@allianceoutdoor","twitter_misc":{"Tiempo de lectura":"3 minutos"},"schema":{"@context":"https:\/\/schema.org","@graph":[{"@type":"WebPage","@id":"https:\/\/allianceoutdoorlighting.com\/demo-kit\/","url":"https:\/\/allianceoutdoorlighting.com\/demo-kit\/","name":"Kit de demostraci\u00f3n - Alliance Outdoor Lighting","isPartOf":{"@id":"https:\/\/allianceoutdoorlighting.com\/#website"},"datePublished":"2023-08-23T20:51:36+00:00","dateModified":"2025-10-14T21:58:38+00:00","breadcrumb":{"@id":"https:\/\/allianceoutdoorlighting.com\/demo-kit\/#breadcrumb"},"inLanguage":"es","potentialAction":[{"@type":"ReadAction","target":["https:\/\/allianceoutdoorlighting.com\/demo-kit\/"]}]},{"@type":"BreadcrumbList","@id":"https:\/\/allianceoutdoorlighting.com\/demo-kit\/#breadcrumb","itemListElement":[{"@type":"ListItem","position":1,"name":"Home","item":"https:\/\/allianceoutdoorlighting.com\/"},{"@type":"ListItem","position":2,"name":"Demo Kit"}]},{"@type":"WebSite","@id":"https:\/\/allianceoutdoorlighting.com\/#website","url":"https:\/\/allianceoutdoorlighting.com\/","name":"Alumbrado exterior Alliance","description":"Para los profesionales que esperan lo mejor: lat\u00f3n reforzado, instalaciones inteligentes y asistencia local.","publisher":{"@id":"https:\/\/allianceoutdoorlighting.com\/#organization"},"potentialAction":[{"@type":"SearchAction","target":{"@type":"EntryPoint","urlTemplate":"https:\/\/allianceoutdoorlighting.com\/?s={search_term_string}"},"query-input":{"@type":"PropertyValueSpecification","valueRequired":true,"valueName":"search_term_string"}}],"inLanguage":"es"},{"@type":"Organization","@id":"https:\/\/allianceoutdoorlighting.com\/#organization","name":"Alumbrado exterior Alliance","alternateName":"Alliance Lighting","url":"https:\/\/allianceoutdoorlighting.com\/","logo":{"@type":"ImageObject","inLanguage":"es","@id":"https:\/\/allianceoutdoorlighting.com\/#\/schema\/logo\/image\/","url":"https:\/\/allianceoutdoorlighting.com\/wp-content\/uploads\/2023\/08\/2023_000_Assets-Alliance-Blue.png","contentUrl":"https:\/\/allianceoutdoorlighting.com\/wp-content\/uploads\/2023\/08\/2023_000_Assets-Alliance-Blue.png","width":1200,"height":600,"caption":"Alliance Outdoor Lighting"},"image":{"@id":"https:\/\/allianceoutdoorlighting.com\/#\/schema\/logo\/image\/"},"sameAs":["https:\/\/www.facebook.com\/doyouknowalliance\/","https:\/\/x.com\/allianceoutdoor","https:\/\/www.youtube.com\/c\/DoYouKnowALLIANCE","https:\/\/www.instagram.com\/allianceoutdoorlighting\/"]}]}},"_links":{"self":[{"href":"https:\/\/allianceoutdoorlighting.com\/es\/wp-json\/wp\/v2\/pages\/609","targetHints":{"allow":["GET"]}}],"collection":[{"href":"https:\/\/allianceoutdoorlighting.com\/es\/wp-json\/wp\/v2\/pages"}],"about":[{"href":"https:\/\/allianceoutdoorlighting.com\/es\/wp-json\/wp\/v2\/types\/page"}],"author":[{"embeddable":true,"href":"https:\/\/allianceoutdoorlighting.com\/es\/wp-json\/wp\/v2\/users\/1"}],"replies":[{"embeddable":true,"href":"https:\/\/allianceoutdoorlighting.com\/es\/wp-json\/wp\/v2\/comments?post=609"}],"version-history":[{"count":10,"href":"https:\/\/allianceoutdoorlighting.com\/es\/wp-json\/wp\/v2\/pages\/609\/revisions"}],"predecessor-version":[{"id":4877,"href":"https:\/\/allianceoutdoorlighting.com\/es\/wp-json\/wp\/v2\/pages\/609\/revisions\/4877"}],"wp:attachment":[{"href":"https:\/\/allianceoutdoorlighting.com\/es\/wp-json\/wp\/v2\/media?parent=609"}],"wp:term":[{"taxonomy":"category","embeddable":true,"href":"https:\/\/allianceoutdoorlighting.com\/es\/wp-json\/wp\/v2\/categories?post=609"},{"taxonomy":"post_tag","embeddable":true,"href":"https:\/\/allianceoutdoorlighting.com\/es\/wp-json\/wp\/v2\/tags?post=609"}],"curies":[{"name":"wp","href":"https:\/\/api.w.org\/{rel}","templated":true}]}}