{"id":5194,"date":"2026-02-19T21:22:25","date_gmt":"2026-02-19T21:22:25","guid":{"rendered":"https:\/\/allianceoutdoorlighting.com\/?page_id=5194"},"modified":"2026-02-19T21:22:25","modified_gmt":"2026-02-19T21:22:25","slug":"preguntas-frecuentes-sobre-el-cumplimiento-de-la-normativa-de-cielo-oscuro","status":"publish","type":"page","link":"https:\/\/allianceoutdoorlighting.com\/es\/preguntas-frecuentes-sobre-el-cumplimiento-de-la-normativa-de-cielo-oscuro\/","title":{"rendered":"Preguntas frecuentes sobre el cumplimiento de la normativa de cielo oscuro"},"content":{"rendered":"<div id=\"cs-content\" class=\"cs-content\"><div class=\"x-section e5194-e1 m40a-0 m40a-1 alliance-category-section\" style=\"--tco-dc40a-1:;\"><div class=\"x-row x-container max width e5194-e2 m40a-3 m40a-4 m40a-5\"><div class=\"x-row-inner\"><div class=\"x-col e5194-e3 m40a-7\"><div class=\"x-text x-text-headline e5194-e4 m40a-8 alliance-category-title\"><div class=\"x-text-content\"><div class=\"x-text-content-text\"><h1 class=\"x-text-content-text-primary\">Dark Sky Compliance Frequently Asked Questions (FAQ)<\/h1>\n<\/div><\/div><\/div><\/div><\/div><\/div><\/div><div class=\"x-section e5194-e5 m40a-0 m40a-2\"><div class=\"x-row x-container max width e5194-e6 m40a-3 m40a-4 m40a-6\"><div class=\"x-row-inner\"><div class=\"x-col e5194-e7 m40a-7\"><div class=\"x-text x-content e5194-e8 m40a-9\"><p><strong>P: \u00bfQu\u00e9 significa \"cumple la normativa de cielo oscuro\"?<\/strong><br \/><strong>A:<\/strong> Cumplir la normativa de cielo oscuro significa que el alumbrado exterior se instala de forma que la luz se vaya&nbsp;<strong>s\u00f3lo hacia abajo<\/strong>con&nbsp;<strong>sin luz ascendente y deslumbramiento m\u00ednimo<\/strong>. El objetivo es iluminar el espacio, no el cielo.<\/p>\n<p><strong>P: \u00bfLas luminarias Alliance cumplen la normativa sobre cielo oscuro?<\/strong><br \/><strong>A:<\/strong> Nuestras instalaciones son&nbsp;<strong>dise\u00f1ado para apoyar el cumplimiento de la normativa sobre cielo oscuro<\/strong> cuando se instalan correctamente. Con la orientaci\u00f3n adecuada, la selecci\u00f3n de l\u00e1mparas y los accesorios de control del deslumbramiento, los contratistas pueden conseguir un rendimiento de corte total en la mayor\u00eda de los proyectos. Consulte nuestra <a href=\"https:\/\/allianceoutdoorlighting.com\/es\/instalaciones\/ruta-de-area\/\">luz de \u00e1rea y camino<\/a> categor\u00eda y <a href=\"https:\/\/allianceoutdoorlighting.com\/es\/instalaciones\/luz-hacia-abajo\/\">luz hacia abajo<\/a> para las opciones conformes.<\/p>\n<p><strong>P: \u00bfQu\u00e9 hace que un sistema de iluminaci\u00f3nstem sea compatible con el cielo oscuro?<\/strong><br \/><strong>A: <\/strong>Todo se reduce a:<\/p>\n<ul>\n<li>Dispositivos blindados<\/li>\n<li>Haz dirigido por debajo de la horizontal<\/li>\n<li>Luminosidad controlada<\/li>\n<li>Deslumbramiento m\u00ednimo<\/li>\n<\/ul>\n<p>El cumplimiento de la normativa de cielo oscuro es el&nbsp;<strong>resultado de un buen dise\u00f1o e instalaci\u00f3n<\/strong>no s\u00f3lo la etiqueta de un producto.<\/p>\n<p style=\"text-align: left;\"><strong>P: \u00bfNecesito luminarias certificadas para el cielo oscuro?<br \/><\/strong><strong>A<\/strong>: La mayor\u00eda de los proyectos no requieren una certificaci\u00f3n formal. Las ciudades y las comunidades de propietarios suelen preocuparse por&nbsp;<strong>control cero de la luz ascendente y el deslumbramiento<\/strong>que puede lograrse mediante una selecci\u00f3n e instalaci\u00f3n adecuadas.<\/p>\n<p><strong>P: \u00bfC\u00f3mo puedo asegurarme de que mi instalaci\u00f3n pasa la inspecci\u00f3n?<\/strong><br \/><strong>A: <\/strong>Siga estas pr\u00e1cticas para asegurarse de que su instalaci\u00f3n cumple la normativa:<\/p>\n<ul>\n<li>Utilizar luminarias apantalladas<\/li>\n<li>A\u00f1ade protectores antideslumbrantes cuando sea necesario<\/li>\n<li>Evita sobrecargar la escena<\/li>\n<li>Apunta todo por debajo de la horizontal<\/li>\n<li>Enciende el system por la noche y ponlo a punto antes de salir<\/li>\n<\/ul>\n<p>Este sencillo proceso evita las devoluciones de llamadas y mantiene contentos a los inspectores.<\/p>\n<p><strong>P: \u00bfPuede la Alianza ayudar con los dise\u00f1os de cielos oscuros?<\/strong><br \/><strong>A:<\/strong> S\u00ed. Nuestro equipo puede ayudar a los contratistas a seleccionar las luminarias, los accesorios y la distribuci\u00f3n del haz que cumplan los requisitos del cielo oscuro y, al mismo tiempo, proporcionen una luz utilizable en el trabajo. <a href=\"https:\/\/allianceoutdoorlighting.com\/es\/pongase-en-contacto-con-un-representante-local\/\">P\u00f3ngase en contacto con<\/a> nuestro equipo de profesionales.<\/p><\/div><\/div><\/div><\/div><\/div><\/div>","protected":false},"excerpt":{"rendered":"<p>&nbsp;<\/p>","protected":false},"author":4,"featured_media":0,"parent":0,"menu_order":30,"comment_status":"closed","ping_status":"closed","template":"template-blank-4.php","meta":{"_acf_changed":false,"rs_blank_template":"","rs_page_bg_color":"","slide_template_v7":"","footnotes":""},"categories":[],"tags":[],"class_list":["post-5194","page","type-page","status-publish","hentry","no-post-thumbnail"],"acf":[],"yoast_head":"<!-- This site is optimized with the Yoast SEO plugin v26.0 - https:\/\/yoast.com\/wordpress\/plugins\/seo\/ -->\n<title>Dark Sky Compliance Frequently Asked Questions - Alliance Outdoor Lighting<\/title>\n<meta name=\"robots\" content=\"index, follow, max-snippet:-1, max-image-preview:large, max-video-preview:-1\" \/>\n<link rel=\"canonical\" href=\"https:\/\/allianceoutdoorlighting.com\/es\/preguntas-frecuentes-sobre-el-cumplimiento-de-la-normativa-de-cielo-oscuro\/\" \/>\n<meta property=\"og:locale\" content=\"es_MX\" \/>\n<meta property=\"og:type\" content=\"article\" \/>\n<meta property=\"og:title\" content=\"Dark Sky Compliance Frequently Asked Questions - Alliance Outdoor Lighting\" \/>\n<meta property=\"og:description\" content=\"&nbsp;\" \/>\n<meta property=\"og:url\" content=\"https:\/\/allianceoutdoorlighting.com\/es\/preguntas-frecuentes-sobre-el-cumplimiento-de-la-normativa-de-cielo-oscuro\/\" \/>\n<meta property=\"og:site_name\" content=\"Alliance Outdoor Lighting\" \/>\n<meta property=\"article:publisher\" content=\"https:\/\/www.facebook.com\/doyouknowalliance\/\" \/>\n<meta property=\"og:image\" content=\"https:\/\/allianceoutdoorlighting.com\/wp-content\/uploads\/2025\/06\/FL50_ShadowNight4-scaled.jpg\" \/>\n\t<meta property=\"og:image:width\" content=\"2560\" \/>\n\t<meta property=\"og:image:height\" content=\"1440\" \/>\n\t<meta property=\"og:image:type\" content=\"image\/jpeg\" \/>\n<meta name=\"twitter:card\" content=\"summary_large_image\" \/>\n<meta name=\"twitter:site\" content=\"@allianceoutdoor\" \/>\n<meta name=\"twitter:label1\" content=\"Tiempo de lectura\" \/>\n\t<meta name=\"twitter:data1\" content=\"3 minutos\" \/>\n<script type=\"application\/ld+json\" class=\"yoast-schema-graph\">{\"@context\":\"https:\/\/schema.org\",\"@graph\":[{\"@type\":\"WebPage\",\"@id\":\"https:\/\/allianceoutdoorlighting.com\/dark-sky-compliance-frequently-asked-questions\/\",\"url\":\"https:\/\/allianceoutdoorlighting.com\/dark-sky-compliance-frequently-asked-questions\/\",\"name\":\"Dark Sky Compliance Frequently Asked Questions - Alliance Outdoor Lighting\",\"isPartOf\":{\"@id\":\"https:\/\/allianceoutdoorlighting.com\/#website\"},\"datePublished\":\"2026-02-19T21:22:25+00:00\",\"breadcrumb\":{\"@id\":\"https:\/\/allianceoutdoorlighting.com\/dark-sky-compliance-frequently-asked-questions\/#breadcrumb\"},\"inLanguage\":\"es\",\"potentialAction\":[{\"@type\":\"ReadAction\",\"target\":[\"https:\/\/allianceoutdoorlighting.com\/dark-sky-compliance-frequently-asked-questions\/\"]}]},{\"@type\":\"BreadcrumbList\",\"@id\":\"https:\/\/allianceoutdoorlighting.com\/dark-sky-compliance-frequently-asked-questions\/#breadcrumb\",\"itemListElement\":[{\"@type\":\"ListItem\",\"position\":1,\"name\":\"Home\",\"item\":\"https:\/\/allianceoutdoorlighting.com\/\"},{\"@type\":\"ListItem\",\"position\":2,\"name\":\"Dark Sky Compliance Frequently Asked Questions\"}]},{\"@type\":\"WebSite\",\"@id\":\"https:\/\/allianceoutdoorlighting.com\/#website\",\"url\":\"https:\/\/allianceoutdoorlighting.com\/\",\"name\":\"Alliance Outdoor Lighting\",\"description\":\"For the pros who expect the best\u2014rugged brass, smart installs, local support.\",\"publisher\":{\"@id\":\"https:\/\/allianceoutdoorlighting.com\/#organization\"},\"potentialAction\":[{\"@type\":\"SearchAction\",\"target\":{\"@type\":\"EntryPoint\",\"urlTemplate\":\"https:\/\/allianceoutdoorlighting.com\/?s={search_term_string}\"},\"query-input\":{\"@type\":\"PropertyValueSpecification\",\"valueRequired\":true,\"valueName\":\"search_term_string\"}}],\"inLanguage\":\"es\"},{\"@type\":\"Organization\",\"@id\":\"https:\/\/allianceoutdoorlighting.com\/#organization\",\"name\":\"Alliance Outdoor Lighting\",\"alternateName\":\"Alliance Lighting\",\"url\":\"https:\/\/allianceoutdoorlighting.com\/\",\"logo\":{\"@type\":\"ImageObject\",\"inLanguage\":\"es\",\"@id\":\"https:\/\/allianceoutdoorlighting.com\/#\/schema\/logo\/image\/\",\"url\":\"https:\/\/allianceoutdoorlighting.com\/wp-content\/uploads\/2023\/08\/2023_000_Assets-Alliance-Blue.png\",\"contentUrl\":\"https:\/\/allianceoutdoorlighting.com\/wp-content\/uploads\/2023\/08\/2023_000_Assets-Alliance-Blue.png\",\"width\":1200,\"height\":600,\"caption\":\"Alliance Outdoor Lighting\"},\"image\":{\"@id\":\"https:\/\/allianceoutdoorlighting.com\/#\/schema\/logo\/image\/\"},\"sameAs\":[\"https:\/\/www.facebook.com\/doyouknowalliance\/\",\"https:\/\/x.com\/allianceoutdoor\",\"https:\/\/www.youtube.com\/c\/DoYouKnowALLIANCE\",\"https:\/\/www.instagram.com\/allianceoutdoorlighting\/\"]}]}<\/script>\n<!-- \/ Yoast SEO plugin. -->","yoast_head_json":{"title":"Preguntas frecuentes sobre el cumplimiento de la normativa de cielo oscuro - Alliance Outdoor Lighting","robots":{"index":"index","follow":"follow","max-snippet":"max-snippet:-1","max-image-preview":"max-image-preview:large","max-video-preview":"max-video-preview:-1"},"canonical":"https:\/\/allianceoutdoorlighting.com\/es\/preguntas-frecuentes-sobre-el-cumplimiento-de-la-normativa-de-cielo-oscuro\/","og_locale":"es_MX","og_type":"article","og_title":"Dark Sky Compliance Frequently Asked Questions - Alliance Outdoor Lighting","og_description":"&nbsp;","og_url":"https:\/\/allianceoutdoorlighting.com\/es\/preguntas-frecuentes-sobre-el-cumplimiento-de-la-normativa-de-cielo-oscuro\/","og_site_name":"Alliance Outdoor Lighting","article_publisher":"https:\/\/www.facebook.com\/doyouknowalliance\/","og_image":[{"width":2560,"height":1440,"url":"https:\/\/allianceoutdoorlighting.com\/wp-content\/uploads\/2025\/06\/FL50_ShadowNight4-scaled.jpg","type":"image\/jpeg"}],"twitter_card":"summary_large_image","twitter_site":"@allianceoutdoor","twitter_misc":{"Tiempo de lectura":"3 minutos"},"schema":{"@context":"https:\/\/schema.org","@graph":[{"@type":"WebPage","@id":"https:\/\/allianceoutdoorlighting.com\/dark-sky-compliance-frequently-asked-questions\/","url":"https:\/\/allianceoutdoorlighting.com\/dark-sky-compliance-frequently-asked-questions\/","name":"Preguntas frecuentes sobre el cumplimiento de la normativa de cielo oscuro - Alliance Outdoor Lighting","isPartOf":{"@id":"https:\/\/allianceoutdoorlighting.com\/#website"},"datePublished":"2026-02-19T21:22:25+00:00","breadcrumb":{"@id":"https:\/\/allianceoutdoorlighting.com\/dark-sky-compliance-frequently-asked-questions\/#breadcrumb"},"inLanguage":"es","potentialAction":[{"@type":"ReadAction","target":["https:\/\/allianceoutdoorlighting.com\/dark-sky-compliance-frequently-asked-questions\/"]}]},{"@type":"BreadcrumbList","@id":"https:\/\/allianceoutdoorlighting.com\/dark-sky-compliance-frequently-asked-questions\/#breadcrumb","itemListElement":[{"@type":"ListItem","position":1,"name":"Home","item":"https:\/\/allianceoutdoorlighting.com\/"},{"@type":"ListItem","position":2,"name":"Dark Sky Compliance Frequently Asked Questions"}]},{"@type":"WebSite","@id":"https:\/\/allianceoutdoorlighting.com\/#website","url":"https:\/\/allianceoutdoorlighting.com\/","name":"Alumbrado exterior Alliance","description":"Para los profesionales que esperan lo mejor: lat\u00f3n reforzado, instalaciones inteligentes y asistencia local.","publisher":{"@id":"https:\/\/allianceoutdoorlighting.com\/#organization"},"potentialAction":[{"@type":"SearchAction","target":{"@type":"EntryPoint","urlTemplate":"https:\/\/allianceoutdoorlighting.com\/?s={search_term_string}"},"query-input":{"@type":"PropertyValueSpecification","valueRequired":true,"valueName":"search_term_string"}}],"inLanguage":"es"},{"@type":"Organization","@id":"https:\/\/allianceoutdoorlighting.com\/#organization","name":"Alumbrado exterior Alliance","alternateName":"Alliance Lighting","url":"https:\/\/allianceoutdoorlighting.com\/","logo":{"@type":"ImageObject","inLanguage":"es","@id":"https:\/\/allianceoutdoorlighting.com\/#\/schema\/logo\/image\/","url":"https:\/\/allianceoutdoorlighting.com\/wp-content\/uploads\/2023\/08\/2023_000_Assets-Alliance-Blue.png","contentUrl":"https:\/\/allianceoutdoorlighting.com\/wp-content\/uploads\/2023\/08\/2023_000_Assets-Alliance-Blue.png","width":1200,"height":600,"caption":"Alliance Outdoor Lighting"},"image":{"@id":"https:\/\/allianceoutdoorlighting.com\/#\/schema\/logo\/image\/"},"sameAs":["https:\/\/www.facebook.com\/doyouknowalliance\/","https:\/\/x.com\/allianceoutdoor","https:\/\/www.youtube.com\/c\/DoYouKnowALLIANCE","https:\/\/www.instagram.com\/allianceoutdoorlighting\/"]}]}},"_links":{"self":[{"href":"https:\/\/allianceoutdoorlighting.com\/es\/wp-json\/wp\/v2\/pages\/5194","targetHints":{"allow":["GET"]}}],"collection":[{"href":"https:\/\/allianceoutdoorlighting.com\/es\/wp-json\/wp\/v2\/pages"}],"about":[{"href":"https:\/\/allianceoutdoorlighting.com\/es\/wp-json\/wp\/v2\/types\/page"}],"author":[{"embeddable":true,"href":"https:\/\/allianceoutdoorlighting.com\/es\/wp-json\/wp\/v2\/users\/4"}],"replies":[{"embeddable":true,"href":"https:\/\/allianceoutdoorlighting.com\/es\/wp-json\/wp\/v2\/comments?post=5194"}],"version-history":[{"count":4,"href":"https:\/\/allianceoutdoorlighting.com\/es\/wp-json\/wp\/v2\/pages\/5194\/revisions"}],"predecessor-version":[{"id":5199,"href":"https:\/\/allianceoutdoorlighting.com\/es\/wp-json\/wp\/v2\/pages\/5194\/revisions\/5199"}],"wp:attachment":[{"href":"https:\/\/allianceoutdoorlighting.com\/es\/wp-json\/wp\/v2\/media?parent=5194"}],"wp:term":[{"taxonomy":"category","embeddable":true,"href":"https:\/\/allianceoutdoorlighting.com\/es\/wp-json\/wp\/v2\/categories?post=5194"},{"taxonomy":"post_tag","embeddable":true,"href":"https:\/\/allianceoutdoorlighting.com\/es\/wp-json\/wp\/v2\/tags?post=5194"}],"curies":[{"name":"wp","href":"https:\/\/api.w.org\/{rel}","templated":true}]}}