{"id":5037,"date":"2025-12-18T21:07:33","date_gmt":"2025-12-18T21:07:33","guid":{"rendered":"https:\/\/allianceoutdoorlighting.com\/?page_id=5037"},"modified":"2026-02-06T16:27:48","modified_gmt":"2026-02-06T16:27:48","slug":"acerca-de-nosotros","status":"publish","type":"page","link":"https:\/\/allianceoutdoorlighting.com\/es\/acerca-de-nosotros\/","title":{"rendered":"Qui\u00e9nes somos"},"content":{"rendered":"<div id=\"cs-content\" class=\"cs-content\"><div class=\"x-section e5037-e1 m3vx-0 m3vx-1 alliance-category-section\" style=\"--tco-dc3vx-1:;\"><div class=\"x-row x-container max width e5037-e2 m3vx-5 m3vx-6 m3vx-8 m3vx-9\"><div class=\"x-row-inner\"><div class=\"x-col e5037-e3 m3vx-e\"><div class=\"x-text x-text-headline e5037-e4 m3vx-h m3vx-i m3vx-j alliance-category-title\"><div class=\"x-text-content\"><div class=\"x-text-content-text\"><h1 class=\"x-text-content-text-primary\">Qui\u00e9nes somos<\/h1>\n<\/div><\/div><\/div><\/div><\/div><\/div><\/div><div class=\"x-section e5037-e5 m3vx-0 m3vx-2 m3vx-3\"><div class=\"x-row x-container max width e5037-e6 m3vx-5 m3vx-6 m3vx-8 m3vx-a\"><div class=\"x-row-inner\"><div class=\"x-col e5037-e7 m3vx-e\"><div class=\"x-text x-text-headline e5037-e8 m3vx-h m3vx-j m3vx-k m3vx-l\"><div class=\"x-text-content\"><div class=\"x-text-content-text\"><h1 class=\"x-text-content-text-primary\"><strong data-start=\"972\" data-end=\"1017\">La historia de Alliance Outdoor Lighting<\/strong><\/h1>\n<\/div><\/div><\/div><div class=\"x-text x-content e5037-e9 m3vx-n m3vx-o m3vx-p m3vx-q\"><p>Somos tu gente de iluminaci\u00f3n desde hace 20 a\u00f1os. Esta es la historia de c\u00f3mo empezamos y hacia d\u00f3nde nos dirigimos... contada con marionetas de calcet\u00edn hechas a mano, por supuesto. Gracias por formar parte de nuestra historia. Esperamos que disfrutes aprendiendo un poco sobre qui\u00e9nes somos.<\/p><\/div><div class=\"x-frame x-frame-video-embed e5037-e10 m3vx-v m3vx-w\"><div class=\"x-frame-inner\"><div class=\"x-video x-video-embed\"><iframe loading=\"lazy\" width=\"560\" height=\"315\" src=\"https:\/\/www.youtube.com\/embed\/9rVvDJEZf9M?si=pjm0Rf4c2j6xRK-K\" title=\"Reproductor de v\u00eddeo YouTube\" frameborder=\"0\" allow=\"accelerometer; autoplay; clipboard-write; encrypted-media; gyroscope; picture-in-picture; web-share\" referrerpolicy=\"strict-origin-when-cross-origin\" allowfullscreen><\/iframe><\/div><\/div><\/div><\/div><\/div><\/div><div class=\"x-row x-container max width e5037-e11 m3vx-5 m3vx-6 m3vx-8 m3vx-b\"><div class=\"x-row-inner\"><div class=\"x-col e5037-e12 m3vx-e\"><div class=\"x-text x-content e5037-e13 m3vx-n m3vx-q m3vx-r m3vx-s\"><p><strong data-start=\"226\" data-end=\"291\">S\u00ed, esa es realmente nuestra historia.<\/strong><br data-start=\"291\" data-end=\"294\" \/>Hace veinte a\u00f1os fundamos Alliance con un objetivo sencillo: fabricar una iluminaci\u00f3n de la que estuvi\u00e9ramos orgullosos de trabajar y, de paso, establecer relaciones duraderas con nuestros socios distribuidores y contratistas. Desde entonces hemos crecido mucho, pero no hemos cambiado lo que importa - accesorios de lat\u00f3n s\u00f3lido, la innovaci\u00f3n pr\u00e1ctica, y la construcci\u00f3n de productos para la forma en que los profesionales realmente trabajan.<\/p><\/div><\/div><\/div><\/div><div class=\"x-row x-container max width e5037-e14 m3vx-5 m3vx-7 m3vx-8 m3vx-c m3vx-3\"><div class=\"x-row-inner\"><div class=\"x-col e5037-e15 m3vx-e m3vx-f\"><div class=\"x-text x-text-headline e5037-e16 m3vx-j m3vx-k m3vx-m m3vx-3\"><div class=\"x-text-content\"><div class=\"x-text-content-text\"><h1 class=\"x-text-content-text-primary\"><span style=\"color: #ffffff;\">\u00bfQu\u00e9 se obtiene con <strong>Alumbrado exterior Alliance<\/strong> que no consigues con <em>\u00bflos otros tipos?<\/em><\/span><\/h1>\n<\/div><\/div><\/div><\/div><div class=\"x-col e5037-e17 m3vx-e m3vx-g\"><span class=\"x-image e5037-e18 m3vx-x m3vx-y\"><img decoding=\"async\" src=\"https:\/\/allianceoutdoorlighting.com\/wp-content\/uploads\/2026\/01\/GroupPhotos.png\" width=\"960\" height=\"457\" alt=\"Imagen\" loading=\"lazy\"><\/span><div class=\"x-text x-content e5037-e19 m3vx-n m3vx-o m3vx-q m3vx-s m3vx-t m3vx-4\"><p data-start=\"264\" data-end=\"485\">Nosotros La iluminaci\u00f3n no es s\u00f3lo lo que hacemos - <strong>es <span style=\"text-decoration: underline;\">qui\u00e9nes somos<\/span>.<\/strong><\/p><\/div><div class=\"x-text x-content e5037-e20 m3vx-n m3vx-o m3vx-s m3vx-u\"><p data-start=\"264\" data-end=\"485\">Somos su personal de iluminaci\u00f3n. Cuando elige Alliance, elige a un l\u00edder del sector que le acompa\u00f1a en cada paso del camino. Desde el dise\u00f1o y la fabricaci\u00f3n, hasta la formaci\u00f3n sobre el producto y la atenci\u00f3n al cliente, respaldamos nuestros productos porque nosotros mismos hacemos el trabajo duro: no subcontratamos, no tomamos atajos. Desde hace 20 a\u00f1os. Nos enorgullecemos de nuestro trabajo para que usted pueda enorgullecerse del suyo.<\/p><\/div><span class=\"x-image e5037-e21 m3vx-x m3vx-z\"><img decoding=\"async\" src=\"https:\/\/allianceoutdoorlighting.com\/wp-content\/uploads\/2026\/01\/AllianceLogo_with_20YearBadge.png\" width=\"540\" height=\"91\" alt=\"Imagen\" loading=\"lazy\"><\/span><hr class=\"x-line e5037-e22 m3vx-10\"\/><\/div><\/div><\/div><div class=\"x-row x-container max width e5037-e23 m3vx-5 m3vx-6 m3vx-8 m3vx-d\"><div class=\"x-row-inner\"><div class=\"x-col e5037-e24 m3vx-e\"><hr class=\"x-line e5037-e25 m3vx-11\"\/><\/div><\/div><\/div><\/div><\/div>","protected":false},"excerpt":{"rendered":"<p>Who We Are The Alliance Outdoor Lighting Story We&#8217;ve been your lighting people for 20 years. This is the story of how we started and where we&#8217;re headed&#8230;told with handmade sock puppets of course! Thanks for being a part of our story. We hope you enjoy learning a bit about who we are.Yep &mdash; that&rsquo;s really our story.Twenty years ago &#8230;<\/p>","protected":false},"author":6,"featured_media":0,"parent":0,"menu_order":1,"comment_status":"closed","ping_status":"closed","template":"template-blank-4.php","meta":{"_acf_changed":false,"rs_blank_template":"","rs_page_bg_color":"","slide_template_v7":"","footnotes":""},"categories":[32],"tags":[],"class_list":["post-5037","page","type-page","status-publish","hentry","category-alliance-advantages","no-post-thumbnail"],"acf":[],"yoast_head":"<!-- This site is optimized with the Yoast SEO plugin v26.0 - https:\/\/yoast.com\/wordpress\/plugins\/seo\/ -->\n<title>Who We Are - Alliance Outdoor Lighting<\/title>\n<meta name=\"description\" content=\"Alliance Outdoor Lighting. Lighting isn&#039;t just what we do, it&#039;s who we are. We&#039;re your lighting people. Since 2006.\" \/>\n<meta name=\"robots\" content=\"index, follow, max-snippet:-1, max-image-preview:large, max-video-preview:-1\" \/>\n<link rel=\"canonical\" href=\"https:\/\/allianceoutdoorlighting.com\/es\/acerca-de-nosotros\/\" \/>\n<meta property=\"og:locale\" content=\"es_MX\" \/>\n<meta property=\"og:type\" content=\"article\" \/>\n<meta property=\"og:title\" content=\"Who We Are - Alliance Outdoor Lighting\" \/>\n<meta property=\"og:description\" content=\"Alliance Outdoor Lighting. Lighting isn&#039;t just what we do, it&#039;s who we are. We&#039;re your lighting people. Since 2006.\" \/>\n<meta property=\"og:url\" content=\"https:\/\/allianceoutdoorlighting.com\/es\/acerca-de-nosotros\/\" \/>\n<meta property=\"og:site_name\" content=\"Alliance Outdoor Lighting\" \/>\n<meta property=\"article:publisher\" content=\"https:\/\/www.facebook.com\/doyouknowalliance\/\" \/>\n<meta property=\"article:modified_time\" content=\"2026-02-06T16:27:48+00:00\" \/>\n<meta property=\"og:image\" content=\"https:\/\/allianceoutdoorlighting.com\/wp-content\/uploads\/2025\/06\/FL50_ShadowNight4-scaled.jpg\" \/>\n\t<meta property=\"og:image:width\" content=\"2560\" \/>\n\t<meta property=\"og:image:height\" content=\"1440\" \/>\n\t<meta property=\"og:image:type\" content=\"image\/jpeg\" \/>\n<meta name=\"twitter:card\" content=\"summary_large_image\" \/>\n<meta name=\"twitter:site\" content=\"@allianceoutdoor\" \/>\n<meta name=\"twitter:label1\" content=\"Tiempo de lectura\" \/>\n\t<meta name=\"twitter:data1\" content=\"3 minutos\" \/>\n<script type=\"application\/ld+json\" class=\"yoast-schema-graph\">{\"@context\":\"https:\/\/schema.org\",\"@graph\":[{\"@type\":\"WebPage\",\"@id\":\"https:\/\/allianceoutdoorlighting.com\/about-us\/\",\"url\":\"https:\/\/allianceoutdoorlighting.com\/about-us\/\",\"name\":\"Who We Are - Alliance Outdoor Lighting\",\"isPartOf\":{\"@id\":\"https:\/\/allianceoutdoorlighting.com\/#website\"},\"datePublished\":\"2025-12-18T21:07:33+00:00\",\"dateModified\":\"2026-02-06T16:27:48+00:00\",\"description\":\"Alliance Outdoor Lighting. Lighting isn't just what we do, it's who we are. We're your lighting people. Since 2006.\",\"breadcrumb\":{\"@id\":\"https:\/\/allianceoutdoorlighting.com\/about-us\/#breadcrumb\"},\"inLanguage\":\"es\",\"potentialAction\":[{\"@type\":\"ReadAction\",\"target\":[\"https:\/\/allianceoutdoorlighting.com\/about-us\/\"]}]},{\"@type\":\"BreadcrumbList\",\"@id\":\"https:\/\/allianceoutdoorlighting.com\/about-us\/#breadcrumb\",\"itemListElement\":[{\"@type\":\"ListItem\",\"position\":1,\"name\":\"Home\",\"item\":\"https:\/\/allianceoutdoorlighting.com\/\"},{\"@type\":\"ListItem\",\"position\":2,\"name\":\"Who We Are\"}]},{\"@type\":\"WebSite\",\"@id\":\"https:\/\/allianceoutdoorlighting.com\/#website\",\"url\":\"https:\/\/allianceoutdoorlighting.com\/\",\"name\":\"Alliance Outdoor Lighting\",\"description\":\"For the pros who expect the best\u2014rugged brass, smart installs, local support.\",\"publisher\":{\"@id\":\"https:\/\/allianceoutdoorlighting.com\/#organization\"},\"potentialAction\":[{\"@type\":\"SearchAction\",\"target\":{\"@type\":\"EntryPoint\",\"urlTemplate\":\"https:\/\/allianceoutdoorlighting.com\/?s={search_term_string}\"},\"query-input\":{\"@type\":\"PropertyValueSpecification\",\"valueRequired\":true,\"valueName\":\"search_term_string\"}}],\"inLanguage\":\"es\"},{\"@type\":\"Organization\",\"@id\":\"https:\/\/allianceoutdoorlighting.com\/#organization\",\"name\":\"Alliance Outdoor Lighting\",\"alternateName\":\"Alliance Lighting\",\"url\":\"https:\/\/allianceoutdoorlighting.com\/\",\"logo\":{\"@type\":\"ImageObject\",\"inLanguage\":\"es\",\"@id\":\"https:\/\/allianceoutdoorlighting.com\/#\/schema\/logo\/image\/\",\"url\":\"https:\/\/allianceoutdoorlighting.com\/wp-content\/uploads\/2023\/08\/2023_000_Assets-Alliance-Blue.png\",\"contentUrl\":\"https:\/\/allianceoutdoorlighting.com\/wp-content\/uploads\/2023\/08\/2023_000_Assets-Alliance-Blue.png\",\"width\":1200,\"height\":600,\"caption\":\"Alliance Outdoor Lighting\"},\"image\":{\"@id\":\"https:\/\/allianceoutdoorlighting.com\/#\/schema\/logo\/image\/\"},\"sameAs\":[\"https:\/\/www.facebook.com\/doyouknowalliance\/\",\"https:\/\/x.com\/allianceoutdoor\",\"https:\/\/www.youtube.com\/c\/DoYouKnowALLIANCE\",\"https:\/\/www.instagram.com\/allianceoutdoorlighting\/\"]}]}<\/script>\n<!-- \/ Yoast SEO plugin. -->","yoast_head_json":{"title":"Qui\u00e9nes somos - Alliance Outdoor Lighting","description":"Alliance Outdoor Lighting. Lighting isn't just what we do, it's who we are. We're your lighting people. Since 2006.","robots":{"index":"index","follow":"follow","max-snippet":"max-snippet:-1","max-image-preview":"max-image-preview:large","max-video-preview":"max-video-preview:-1"},"canonical":"https:\/\/allianceoutdoorlighting.com\/es\/acerca-de-nosotros\/","og_locale":"es_MX","og_type":"article","og_title":"Who We Are - Alliance Outdoor Lighting","og_description":"Alliance Outdoor Lighting. Lighting isn't just what we do, it's who we are. We're your lighting people. Since 2006.","og_url":"https:\/\/allianceoutdoorlighting.com\/es\/acerca-de-nosotros\/","og_site_name":"Alliance Outdoor Lighting","article_publisher":"https:\/\/www.facebook.com\/doyouknowalliance\/","article_modified_time":"2026-02-06T16:27:48+00:00","og_image":[{"width":2560,"height":1440,"url":"https:\/\/allianceoutdoorlighting.com\/wp-content\/uploads\/2025\/06\/FL50_ShadowNight4-scaled.jpg","type":"image\/jpeg"}],"twitter_card":"summary_large_image","twitter_site":"@allianceoutdoor","twitter_misc":{"Tiempo de lectura":"3 minutos"},"schema":{"@context":"https:\/\/schema.org","@graph":[{"@type":"WebPage","@id":"https:\/\/allianceoutdoorlighting.com\/about-us\/","url":"https:\/\/allianceoutdoorlighting.com\/about-us\/","name":"Qui\u00e9nes somos - Alliance Outdoor Lighting","isPartOf":{"@id":"https:\/\/allianceoutdoorlighting.com\/#website"},"datePublished":"2025-12-18T21:07:33+00:00","dateModified":"2026-02-06T16:27:48+00:00","description":"Alliance Outdoor Lighting. Lighting isn't just what we do, it's who we are. We're your lighting people. Since 2006.","breadcrumb":{"@id":"https:\/\/allianceoutdoorlighting.com\/about-us\/#breadcrumb"},"inLanguage":"es","potentialAction":[{"@type":"ReadAction","target":["https:\/\/allianceoutdoorlighting.com\/about-us\/"]}]},{"@type":"BreadcrumbList","@id":"https:\/\/allianceoutdoorlighting.com\/about-us\/#breadcrumb","itemListElement":[{"@type":"ListItem","position":1,"name":"Home","item":"https:\/\/allianceoutdoorlighting.com\/"},{"@type":"ListItem","position":2,"name":"Who We Are"}]},{"@type":"WebSite","@id":"https:\/\/allianceoutdoorlighting.com\/#website","url":"https:\/\/allianceoutdoorlighting.com\/","name":"Alumbrado exterior Alliance","description":"Para los profesionales que esperan lo mejor: lat\u00f3n reforzado, instalaciones inteligentes y asistencia local.","publisher":{"@id":"https:\/\/allianceoutdoorlighting.com\/#organization"},"potentialAction":[{"@type":"SearchAction","target":{"@type":"EntryPoint","urlTemplate":"https:\/\/allianceoutdoorlighting.com\/?s={search_term_string}"},"query-input":{"@type":"PropertyValueSpecification","valueRequired":true,"valueName":"search_term_string"}}],"inLanguage":"es"},{"@type":"Organization","@id":"https:\/\/allianceoutdoorlighting.com\/#organization","name":"Alumbrado exterior Alliance","alternateName":"Alliance Lighting","url":"https:\/\/allianceoutdoorlighting.com\/","logo":{"@type":"ImageObject","inLanguage":"es","@id":"https:\/\/allianceoutdoorlighting.com\/#\/schema\/logo\/image\/","url":"https:\/\/allianceoutdoorlighting.com\/wp-content\/uploads\/2023\/08\/2023_000_Assets-Alliance-Blue.png","contentUrl":"https:\/\/allianceoutdoorlighting.com\/wp-content\/uploads\/2023\/08\/2023_000_Assets-Alliance-Blue.png","width":1200,"height":600,"caption":"Alliance Outdoor Lighting"},"image":{"@id":"https:\/\/allianceoutdoorlighting.com\/#\/schema\/logo\/image\/"},"sameAs":["https:\/\/www.facebook.com\/doyouknowalliance\/","https:\/\/x.com\/allianceoutdoor","https:\/\/www.youtube.com\/c\/DoYouKnowALLIANCE","https:\/\/www.instagram.com\/allianceoutdoorlighting\/"]}]}},"_links":{"self":[{"href":"https:\/\/allianceoutdoorlighting.com\/es\/wp-json\/wp\/v2\/pages\/5037","targetHints":{"allow":["GET"]}}],"collection":[{"href":"https:\/\/allianceoutdoorlighting.com\/es\/wp-json\/wp\/v2\/pages"}],"about":[{"href":"https:\/\/allianceoutdoorlighting.com\/es\/wp-json\/wp\/v2\/types\/page"}],"author":[{"embeddable":true,"href":"https:\/\/allianceoutdoorlighting.com\/es\/wp-json\/wp\/v2\/users\/6"}],"replies":[{"embeddable":true,"href":"https:\/\/allianceoutdoorlighting.com\/es\/wp-json\/wp\/v2\/comments?post=5037"}],"version-history":[{"count":9,"href":"https:\/\/allianceoutdoorlighting.com\/es\/wp-json\/wp\/v2\/pages\/5037\/revisions"}],"predecessor-version":[{"id":5180,"href":"https:\/\/allianceoutdoorlighting.com\/es\/wp-json\/wp\/v2\/pages\/5037\/revisions\/5180"}],"wp:attachment":[{"href":"https:\/\/allianceoutdoorlighting.com\/es\/wp-json\/wp\/v2\/media?parent=5037"}],"wp:term":[{"taxonomy":"category","embeddable":true,"href":"https:\/\/allianceoutdoorlighting.com\/es\/wp-json\/wp\/v2\/categories?post=5037"},{"taxonomy":"post_tag","embeddable":true,"href":"https:\/\/allianceoutdoorlighting.com\/es\/wp-json\/wp\/v2\/tags?post=5037"}],"curies":[{"name":"wp","href":"https:\/\/api.w.org\/{rel}","templated":true}]}}