{"id":1649,"date":"2024-01-08T14:56:55","date_gmt":"2024-01-08T14:56:55","guid":{"rendered":"https:\/\/allianceoutdoorlighting.com\/?page_id=1649"},"modified":"2025-03-04T23:33:38","modified_gmt":"2025-03-04T23:33:38","slug":"it2support","status":"publish","type":"page","link":"https:\/\/allianceoutdoorlighting.com\/es\/videoteca\/it2support\/","title":{"rendered":"Videoteca del transformador inteligente it2"},"content":{"rendered":"<div id=\"cs-content\" class=\"cs-content\"><div class=\"x-section e1649-e1 m19t-0 m19t-1 alliance-category-section\" style=\"--tco-dc19t-1:;\"><div class=\"x-row x-container max width e1649-e2 m19t-3 m19t-4 m19t-6 m19t-7\"><div class=\"x-row-inner\"><div class=\"x-col e1649-e3 m19t-h\"><div class=\"x-text x-text-headline e1649-e4 m19t-i m19t-j alliance-category-title\"><div class=\"x-text-content\"><div class=\"x-text-content-text\"><h1 class=\"x-text-content-text-primary\">Videoteca del transformador inteligente it2<\/h1>\n<\/div><\/div><\/div><\/div><\/div><\/div><\/div><div class=\"x-section e1649-e5 m19t-0 m19t-2\" id=\"setup\"><div class=\"x-row x-container max width e1649-e6 m19t-3 m19t-5 m19t-6 m19t-8\"><div class=\"x-row-inner\"><div class=\"x-col e1649-e7 m19t-h\"><div class=\"x-frame x-frame-video-embed e1649-e8 m19t-l m19t-m\"><div class=\"x-frame-inner\"><div class=\"x-video x-video-embed\"><iframe loading=\"lazy\" width=\"560\" height=\"315\" src=\"https:\/\/www.youtube.com\/embed\/piu38FFyErE?si=ixnV9b6HE6HTQb_i\" title=\"Reproductor de v\u00eddeo YouTube\" frameborder=\"0\" allow=\"accelerometer; autoplay; clipboard-write; encrypted-media; gyroscope; picture-in-picture; web-share\" allowfullscreen><\/iframe><\/div><\/div><\/div><\/div><div class=\"x-col e1649-e9 m19t-h\"><div class=\"x-text x-text-headline e1649-e10 m19t-i m19t-k\"><div class=\"x-text-content\"><div class=\"x-text-content-text\"><h4 class=\"x-text-content-text-primary\"><span>Introducci\u00f3n al transformador it2<\/span><\/h4>\n<\/div><\/div><\/div><div class=\"x-text x-content e1649-e11 m19t-n\"><p>M\u00e1s informaci\u00f3n sobre el transformador inteligente it2<br \/>\n<em>Duraci\u00f3n: 2:04<\/em><\/p><\/div><\/div><\/div><\/div><div class=\"x-row x-container max width e1649-e12 m19t-3 m19t-5 m19t-6 m19t-9\"><div class=\"x-row-inner\"><div class=\"x-col e1649-e13 m19t-h\"><div class=\"x-frame x-frame-video-embed e1649-e14 m19t-l m19t-m\"><div class=\"x-frame-inner\"><div class=\"x-video x-video-embed\"><iframe loading=\"lazy\" width=\"560\" height=\"315\" src=\"https:\/\/www.youtube.com\/embed\/tdtUKXOTBKA?si=LZRE8sDUGYqL0mEF\" title=\"Reproductor de v\u00eddeo YouTube\" frameborder=\"0\" allow=\"accelerometer; autoplay; clipboard-write; encrypted-media; gyroscope; picture-in-picture; web-share\" allowfullscreen><\/iframe><\/div><\/div><\/div><\/div><div class=\"x-col e1649-e15 m19t-h\"><div class=\"x-text x-text-headline e1649-e16 m19t-i m19t-k\"><div class=\"x-text-content\"><div class=\"x-text-content-text\"><h4 class=\"x-text-content-text-primary\"><span>Primeros pasos<\/span><\/h4>\n<\/div><\/div><\/div><div class=\"x-text x-content e1649-e17 m19t-n\"><p>S\u00f3lo tienes que montar, descargar, conectar y controlar.<br \/>\n<em>Duraci\u00f3n 1:24<\/em><\/p><\/div><\/div><\/div><\/div><div class=\"x-row x-container max width e1649-e18 m19t-3 m19t-5 m19t-6 m19t-a\"><div class=\"x-row-inner\"><div class=\"x-col e1649-e19 m19t-h\"><div class=\"x-frame x-frame-video-embed e1649-e20 m19t-l m19t-m\"><div class=\"x-frame-inner\"><div class=\"x-video x-video-embed\"><iframe loading=\"lazy\" width=\"560\" height=\"315\" src=\"https:\/\/www.youtube.com\/embed\/be39meArDzU?si=vhmQlMibUkPfg9zh\" title=\"Reproductor de v\u00eddeo YouTube\" frameborder=\"0\" allow=\"accelerometer; autoplay; clipboard-write; encrypted-media; gyroscope; picture-in-picture; web-share\" allowfullscreen><\/iframe><\/div><\/div><\/div><\/div><div class=\"x-col e1649-e21 m19t-h\"><div class=\"x-text x-text-headline e1649-e22 m19t-i m19t-k\"><div class=\"x-text-content\"><div class=\"x-text-content-text\"><h4 class=\"x-text-content-text-primary\"><span>Configuraci\u00f3n de WiFi<\/span><\/h4>\n<\/div><\/div><\/div><div class=\"x-text x-content e1649-e23 m19t-n\"><p>Con\u00e9ctese a distancia desde cualquier lugar del mundo.<br \/>\n<em>Duraci\u00f3n 1:32<\/em><\/p><\/div><\/div><\/div><\/div><div class=\"x-row x-container max width e1649-e24 m19t-3 m19t-5 m19t-6 m19t-b\"><div class=\"x-row-inner\"><div class=\"x-col e1649-e25 m19t-h\"><div class=\"x-frame x-frame-video-embed e1649-e26 m19t-l m19t-m\"><div class=\"x-frame-inner\"><div class=\"x-video x-video-embed\"><iframe loading=\"lazy\" width=\"560\" height=\"315\" src=\"https:\/\/www.youtube.com\/embed\/X8MJmU38wAI?si=tdKKWWTowiMoGU-R\" title=\"Reproductor de v\u00eddeo YouTube\" frameborder=\"0\" allow=\"accelerometer; autoplay; clipboard-write; encrypted-media; gyroscope; picture-in-picture; web-share\" allowfullscreen><\/iframe><\/div><\/div><\/div><\/div><div class=\"x-col e1649-e27 m19t-h\"><div class=\"x-text x-text-headline e1649-e28 m19t-i m19t-k\"><div class=\"x-text-content\"><div class=\"x-text-content-text\"><h4 class=\"x-text-content-text-primary\"><span>Configurar un programa personalizado<\/span><\/h4>\n<\/div><\/div><\/div><div class=\"x-text x-content e1649-e29 m19t-n\"><p>Programe su horario de iluminaci\u00f3n perfecto.\u00a0<br \/>\n<em>Duraci\u00f3n 2:26<\/em><\/p><\/div><\/div><\/div><\/div><div class=\"x-row x-container max width e1649-e30 m19t-3 m19t-5 m19t-6 m19t-c\"><div class=\"x-row-inner\"><div class=\"x-col e1649-e31 m19t-h\"><div class=\"x-frame x-frame-video-embed e1649-e32 m19t-l m19t-m\"><div class=\"x-frame-inner\"><div class=\"x-video x-video-embed\"><iframe loading=\"lazy\" width=\"560\" height=\"315\" src=\"https:\/\/www.youtube.com\/embed\/UDOSTZNHEnE?si=QOJsaOTgtVPspN4J\" title=\"Reproductor de v\u00eddeo YouTube\" frameborder=\"0\" allow=\"accelerometer; autoplay; clipboard-write; encrypted-media; gyroscope; picture-in-picture; web-share\" referrerpolicy=\"strict-origin-when-cross-origin\" allowfullscreen><\/iframe><\/div><\/div><\/div><\/div><div class=\"x-col e1649-e33 m19t-h\"><div class=\"x-text x-text-headline e1649-e34 m19t-i m19t-k\"><div class=\"x-text-content\"><div class=\"x-text-content-text\"><h4 class=\"x-text-content-text-primary\">Configurar y nombrar zonas<\/h4>\n<\/div><\/div><\/div><div class=\"x-text x-content e1649-e35 m19t-n\"><p>Configura zonas para personalizar diferentes \u00e1reas y ren\u00f3mbralas para identificarlas f\u00e1cilmente.<br \/>&nbsp;<br \/><em>Duraci\u00f3n 2:22<\/em><\/p><\/div><\/div><\/div><\/div><div class=\"x-row x-container max width e1649-e36 m19t-3 m19t-5 m19t-6 m19t-d\"><div class=\"x-row-inner\"><div class=\"x-col e1649-e37 m19t-h\"><div class=\"x-frame x-frame-video-embed e1649-e38 m19t-l m19t-m\"><div class=\"x-frame-inner\"><div class=\"x-video x-video-embed\"><iframe loading=\"lazy\" width=\"560\" height=\"315\" src=\"https:\/\/www.youtube.com\/embed\/jK7Ldu1mFwE?si=8ndJ6FagSrNkk681\" title=\"Reproductor de v\u00eddeo YouTube\" frameborder=\"0\" allow=\"accelerometer; autoplay; clipboard-write; encrypted-media; gyroscope; picture-in-picture; web-share\" referrerpolicy=\"strict-origin-when-cross-origin\" allowfullscreen><\/iframe><\/div><\/div><\/div><\/div><div class=\"x-col e1649-e39 m19t-h\"><div class=\"x-text x-text-headline e1649-e40 m19t-i m19t-k\"><div class=\"x-text-content\"><div class=\"x-text-content-text\"><h4 class=\"x-text-content-text-primary\">C\u00f3mo utilizar el medidor de potencia<\/h4>\n<\/div><\/div><\/div><div class=\"x-text x-content e1649-e41 m19t-n\"><p>Utiliza el medidor de potencia para comprobar cu\u00e1ntos vatios tienes disponibles.<br \/>&nbsp;<br \/><em>Duraci\u00f3n 1:32<\/em><\/p><\/div><\/div><\/div><\/div><div class=\"x-row x-container max width e1649-e42 m19t-3 m19t-5 m19t-6 m19t-e\"><div class=\"x-row-inner\"><div class=\"x-col e1649-e43 m19t-h\"><div class=\"x-frame x-frame-video-embed e1649-e44 m19t-l m19t-m\"><div class=\"x-frame-inner\"><div class=\"x-video x-video-embed\"><iframe loading=\"lazy\" width=\"560\" height=\"315\" src=\"https:\/\/www.youtube.com\/embed\/HF1RNul7YZI?si=w9Uq8XbP6dk43cuc\" title=\"Reproductor de v\u00eddeo YouTube\" frameborder=\"0\" allow=\"accelerometer; autoplay; clipboard-write; encrypted-media; gyroscope; picture-in-picture; web-share\" referrerpolicy=\"strict-origin-when-cross-origin\" allowfullscreen><\/iframe><\/div><\/div><\/div><\/div><div class=\"x-col e1649-e45 m19t-h\"><div class=\"x-text x-text-headline e1649-e46 m19t-i m19t-k\"><div class=\"x-text-content\"><div class=\"x-text-content-text\"><h4 class=\"x-text-content-text-primary\">C\u00f3mo nombrar tu dispositivo<\/h4>\n<\/div><\/div><\/div><div class=\"x-text x-content e1649-e47 m19t-n\"><p>Asigne un nombre a su transformador it2 en la aplicaci\u00f3n itPRO para facilitar su identificaci\u00f3n.<br \/>&nbsp;<br \/><em>Duraci\u00f3n 1:13<\/em><\/p><\/div><\/div><\/div><\/div><div class=\"x-row x-container max width e1649-e48 m19t-3 m19t-5 m19t-6 m19t-f\"><div class=\"x-row-inner\"><div class=\"x-col e1649-e49 m19t-h\"><div class=\"x-frame x-frame-video-embed e1649-e50 m19t-l m19t-m\"><div class=\"x-frame-inner\"><div class=\"x-video x-video-embed\"><iframe loading=\"lazy\" width=\"560\" height=\"315\" src=\"https:\/\/www.youtube.com\/embed\/uTBDs90wIwU?si=BeJimYJQhaQ-eV_p\" title=\"Reproductor de v\u00eddeo YouTube\" frameborder=\"0\" allow=\"accelerometer; autoplay; clipboard-write; encrypted-media; gyroscope; picture-in-picture; web-share\" referrerpolicy=\"strict-origin-when-cross-origin\" allowfullscreen><\/iframe><\/div><\/div><\/div><\/div><div class=\"x-col e1649-e51 m19t-h\"><div class=\"x-text x-text-headline e1649-e52 m19t-i m19t-k\"><div class=\"x-text-content\"><div class=\"x-text-content-text\"><h4 class=\"x-text-content-text-primary\">Navegar por el salpicadero<\/h4>\n<\/div><\/div><\/div><div class=\"x-text x-content e1649-e53 m19t-n\"><p>Vista general del sencillo panel de control de la aplicaci\u00f3n itPRO.<br \/>&nbsp;<br \/><em>Duraci\u00f3n 1:45<\/em><\/p><\/div><\/div><\/div><\/div><div class=\"x-row x-container max width e1649-e54 m19t-3 m19t-5 m19t-6 m19t-g\"><div class=\"x-row-inner\"><div class=\"x-col e1649-e55 m19t-h\"><div class=\"x-frame x-frame-video-embed e1649-e56 m19t-l m19t-m\"><div class=\"x-frame-inner\"><div class=\"x-video x-video-embed\"><iframe loading=\"lazy\" width=\"560\" height=\"315\" src=\"https:\/\/www.youtube.com\/embed\/sQo3DDSH7lM?si=OP31nrOqHqTaCzLy\" title=\"Reproductor de v\u00eddeo YouTube\" frameborder=\"0\" allow=\"accelerometer; autoplay; clipboard-write; encrypted-media; gyroscope; picture-in-picture; web-share\" referrerpolicy=\"strict-origin-when-cross-origin\" allowfullscreen><\/iframe><\/div><\/div><\/div><\/div><div class=\"x-col e1649-e57 m19t-h\"><div class=\"x-text x-text-headline e1649-e58 m19t-i m19t-k\"><div class=\"x-text-content\"><div class=\"x-text-content-text\"><h4 class=\"x-text-content-text-primary\">Configurar Alexa con el it2 Transformer<\/h4>\n<\/div><\/div><\/div><div class=\"x-text x-content e1649-e59 m19t-n\"><p>\u00f3mo conectar tu transformador it2 a la aplicaci\u00f3n Amazon Alexa.<br \/>&nbsp;<br \/><em>Duraci\u00f3n 4:15<\/em><\/p><\/div><\/div><\/div><\/div><\/div><\/div>","protected":false},"excerpt":{"rendered":"<p>Videoteca del transformador inteligente it2 Introducci\u00f3n al transformador it2 \u00a1Aprenda todo sobre el transformador inteligente it2! Tiempo de ejecuci\u00f3n: 2:04C\u00f3mo empezar S\u00f3lo tiene que montar, descargar, conectar y controlar. Tiempo de ejecuci\u00f3n: 1:24Configuraci\u00f3n de WiFi \u00a1Con\u00e9ctese remotamente desde cualquier parte del mundo! Running Time 1:32Configuraci\u00f3n de un programa personalizado Programe su programa de iluminaci\u00f3n perfecto.  Tiempo de ejecuci\u00f3n 2:26Configuraci\u00f3n y asignaci\u00f3n de ...<\/p>","protected":false},"author":4,"featured_media":0,"parent":697,"menu_order":17,"comment_status":"closed","ping_status":"closed","template":"template-blank-4.php","meta":{"_acf_changed":false,"rs_blank_template":"","rs_page_bg_color":"","slide_template_v7":"","footnotes":""},"categories":[],"tags":[],"class_list":["post-1649","page","type-page","status-publish","hentry","no-post-thumbnail"],"acf":[],"yoast_head":"<!-- This site is optimized with the Yoast SEO plugin v26.0 - https:\/\/yoast.com\/wordpress\/plugins\/seo\/ -->\n<title>it2 Intelligent Transformer Video Library - Alliance Outdoor Lighting<\/title>\n<meta name=\"robots\" content=\"index, follow, max-snippet:-1, max-image-preview:large, max-video-preview:-1\" \/>\n<link rel=\"canonical\" href=\"https:\/\/allianceoutdoorlighting.com\/es\/videoteca\/it2support\/\" \/>\n<meta property=\"og:locale\" content=\"es_MX\" \/>\n<meta property=\"og:type\" content=\"article\" \/>\n<meta property=\"og:title\" content=\"it2 Intelligent Transformer Video Library - Alliance Outdoor Lighting\" \/>\n<meta property=\"og:description\" content=\"it2 Intelligent Transformer Video Library Intro to the it2 Transformer Learn all about the it2 intelligent transformer! Running Time: 2:04Getting Started Just mount, download, connect, and control. Running Time 1:24Setting Up WiFi Connect remotely from anywhere in the world! Running Time 1:32Setting Up a Custom Program Program your perfect lighting schedule.\u00a0 Running Time 2:26Setting Up &amp; Naming Zones Set up ...\" \/>\n<meta property=\"og:url\" content=\"https:\/\/allianceoutdoorlighting.com\/es\/videoteca\/it2support\/\" \/>\n<meta property=\"og:site_name\" content=\"Alliance Outdoor Lighting\" \/>\n<meta property=\"article:publisher\" content=\"https:\/\/www.facebook.com\/doyouknowalliance\/\" \/>\n<meta property=\"article:modified_time\" content=\"2025-03-04T23:33:38+00:00\" \/>\n<meta property=\"og:image\" content=\"https:\/\/allianceoutdoorlighting.com\/wp-content\/uploads\/2025\/06\/FL50_ShadowNight4-scaled.jpg\" \/>\n\t<meta property=\"og:image:width\" content=\"2560\" \/>\n\t<meta property=\"og:image:height\" content=\"1440\" \/>\n\t<meta property=\"og:image:type\" content=\"image\/jpeg\" \/>\n<meta name=\"twitter:card\" content=\"summary_large_image\" \/>\n<meta name=\"twitter:site\" content=\"@allianceoutdoor\" \/>\n<meta name=\"twitter:label1\" content=\"Tiempo de lectura\" \/>\n\t<meta name=\"twitter:data1\" content=\"2 minutos\" \/>\n<script type=\"application\/ld+json\" class=\"yoast-schema-graph\">{\"@context\":\"https:\/\/schema.org\",\"@graph\":[{\"@type\":\"WebPage\",\"@id\":\"https:\/\/allianceoutdoorlighting.com\/video-library\/it2support\/\",\"url\":\"https:\/\/allianceoutdoorlighting.com\/video-library\/it2support\/\",\"name\":\"it2 Intelligent Transformer Video Library - Alliance Outdoor Lighting\",\"isPartOf\":{\"@id\":\"https:\/\/allianceoutdoorlighting.com\/#website\"},\"datePublished\":\"2024-01-08T14:56:55+00:00\",\"dateModified\":\"2025-03-04T23:33:38+00:00\",\"breadcrumb\":{\"@id\":\"https:\/\/allianceoutdoorlighting.com\/video-library\/it2support\/#breadcrumb\"},\"inLanguage\":\"es\",\"potentialAction\":[{\"@type\":\"ReadAction\",\"target\":[\"https:\/\/allianceoutdoorlighting.com\/video-library\/it2support\/\"]}]},{\"@type\":\"BreadcrumbList\",\"@id\":\"https:\/\/allianceoutdoorlighting.com\/video-library\/it2support\/#breadcrumb\",\"itemListElement\":[{\"@type\":\"ListItem\",\"position\":1,\"name\":\"Home\",\"item\":\"https:\/\/allianceoutdoorlighting.com\/\"},{\"@type\":\"ListItem\",\"position\":2,\"name\":\"Video Library\",\"item\":\"https:\/\/allianceoutdoorlighting.com\/video-library\/\"},{\"@type\":\"ListItem\",\"position\":3,\"name\":\"it2 Intelligent Transformer Video Library\"}]},{\"@type\":\"WebSite\",\"@id\":\"https:\/\/allianceoutdoorlighting.com\/#website\",\"url\":\"https:\/\/allianceoutdoorlighting.com\/\",\"name\":\"Alliance Outdoor Lighting\",\"description\":\"For the pros who expect the best\u2014rugged brass, smart installs, local support.\",\"publisher\":{\"@id\":\"https:\/\/allianceoutdoorlighting.com\/#organization\"},\"potentialAction\":[{\"@type\":\"SearchAction\",\"target\":{\"@type\":\"EntryPoint\",\"urlTemplate\":\"https:\/\/allianceoutdoorlighting.com\/?s={search_term_string}\"},\"query-input\":{\"@type\":\"PropertyValueSpecification\",\"valueRequired\":true,\"valueName\":\"search_term_string\"}}],\"inLanguage\":\"es\"},{\"@type\":\"Organization\",\"@id\":\"https:\/\/allianceoutdoorlighting.com\/#organization\",\"name\":\"Alliance Outdoor Lighting\",\"alternateName\":\"Alliance Lighting\",\"url\":\"https:\/\/allianceoutdoorlighting.com\/\",\"logo\":{\"@type\":\"ImageObject\",\"inLanguage\":\"es\",\"@id\":\"https:\/\/allianceoutdoorlighting.com\/#\/schema\/logo\/image\/\",\"url\":\"https:\/\/allianceoutdoorlighting.com\/wp-content\/uploads\/2023\/08\/2023_000_Assets-Alliance-Blue.png\",\"contentUrl\":\"https:\/\/allianceoutdoorlighting.com\/wp-content\/uploads\/2023\/08\/2023_000_Assets-Alliance-Blue.png\",\"width\":1200,\"height\":600,\"caption\":\"Alliance Outdoor Lighting\"},\"image\":{\"@id\":\"https:\/\/allianceoutdoorlighting.com\/#\/schema\/logo\/image\/\"},\"sameAs\":[\"https:\/\/www.facebook.com\/doyouknowalliance\/\",\"https:\/\/x.com\/allianceoutdoor\",\"https:\/\/www.youtube.com\/c\/DoYouKnowALLIANCE\",\"https:\/\/www.instagram.com\/allianceoutdoorlighting\/\"]}]}<\/script>\n<!-- \/ Yoast SEO plugin. -->","yoast_head_json":{"title":"Videoteca del transformador inteligente it2 - Alliance Outdoor Lighting","robots":{"index":"index","follow":"follow","max-snippet":"max-snippet:-1","max-image-preview":"max-image-preview:large","max-video-preview":"max-video-preview:-1"},"canonical":"https:\/\/allianceoutdoorlighting.com\/es\/videoteca\/it2support\/","og_locale":"es_MX","og_type":"article","og_title":"it2 Intelligent Transformer Video Library - Alliance Outdoor Lighting","og_description":"it2 Intelligent Transformer Video Library Intro to the it2 Transformer Learn all about the it2 intelligent transformer! Running Time: 2:04Getting Started Just mount, download, connect, and control. Running Time 1:24Setting Up WiFi Connect remotely from anywhere in the world! Running Time 1:32Setting Up a Custom Program Program your perfect lighting schedule.\u00a0 Running Time 2:26Setting Up &amp; Naming Zones Set up ...","og_url":"https:\/\/allianceoutdoorlighting.com\/es\/videoteca\/it2support\/","og_site_name":"Alliance Outdoor Lighting","article_publisher":"https:\/\/www.facebook.com\/doyouknowalliance\/","article_modified_time":"2025-03-04T23:33:38+00:00","og_image":[{"width":2560,"height":1440,"url":"https:\/\/allianceoutdoorlighting.com\/wp-content\/uploads\/2025\/06\/FL50_ShadowNight4-scaled.jpg","type":"image\/jpeg"}],"twitter_card":"summary_large_image","twitter_site":"@allianceoutdoor","twitter_misc":{"Tiempo de lectura":"2 minutos"},"schema":{"@context":"https:\/\/schema.org","@graph":[{"@type":"WebPage","@id":"https:\/\/allianceoutdoorlighting.com\/video-library\/it2support\/","url":"https:\/\/allianceoutdoorlighting.com\/video-library\/it2support\/","name":"Videoteca del transformador inteligente it2 - Alliance Outdoor Lighting","isPartOf":{"@id":"https:\/\/allianceoutdoorlighting.com\/#website"},"datePublished":"2024-01-08T14:56:55+00:00","dateModified":"2025-03-04T23:33:38+00:00","breadcrumb":{"@id":"https:\/\/allianceoutdoorlighting.com\/video-library\/it2support\/#breadcrumb"},"inLanguage":"es","potentialAction":[{"@type":"ReadAction","target":["https:\/\/allianceoutdoorlighting.com\/video-library\/it2support\/"]}]},{"@type":"BreadcrumbList","@id":"https:\/\/allianceoutdoorlighting.com\/video-library\/it2support\/#breadcrumb","itemListElement":[{"@type":"ListItem","position":1,"name":"Home","item":"https:\/\/allianceoutdoorlighting.com\/"},{"@type":"ListItem","position":2,"name":"Video Library","item":"https:\/\/allianceoutdoorlighting.com\/video-library\/"},{"@type":"ListItem","position":3,"name":"it2 Intelligent Transformer Video Library"}]},{"@type":"WebSite","@id":"https:\/\/allianceoutdoorlighting.com\/#website","url":"https:\/\/allianceoutdoorlighting.com\/","name":"Alumbrado exterior Alliance","description":"Para los profesionales que esperan lo mejor: lat\u00f3n reforzado, instalaciones inteligentes y asistencia local.","publisher":{"@id":"https:\/\/allianceoutdoorlighting.com\/#organization"},"potentialAction":[{"@type":"SearchAction","target":{"@type":"EntryPoint","urlTemplate":"https:\/\/allianceoutdoorlighting.com\/?s={search_term_string}"},"query-input":{"@type":"PropertyValueSpecification","valueRequired":true,"valueName":"search_term_string"}}],"inLanguage":"es"},{"@type":"Organization","@id":"https:\/\/allianceoutdoorlighting.com\/#organization","name":"Alumbrado exterior Alliance","alternateName":"Alliance Lighting","url":"https:\/\/allianceoutdoorlighting.com\/","logo":{"@type":"ImageObject","inLanguage":"es","@id":"https:\/\/allianceoutdoorlighting.com\/#\/schema\/logo\/image\/","url":"https:\/\/allianceoutdoorlighting.com\/wp-content\/uploads\/2023\/08\/2023_000_Assets-Alliance-Blue.png","contentUrl":"https:\/\/allianceoutdoorlighting.com\/wp-content\/uploads\/2023\/08\/2023_000_Assets-Alliance-Blue.png","width":1200,"height":600,"caption":"Alliance Outdoor Lighting"},"image":{"@id":"https:\/\/allianceoutdoorlighting.com\/#\/schema\/logo\/image\/"},"sameAs":["https:\/\/www.facebook.com\/doyouknowalliance\/","https:\/\/x.com\/allianceoutdoor","https:\/\/www.youtube.com\/c\/DoYouKnowALLIANCE","https:\/\/www.instagram.com\/allianceoutdoorlighting\/"]}]}},"_links":{"self":[{"href":"https:\/\/allianceoutdoorlighting.com\/es\/wp-json\/wp\/v2\/pages\/1649","targetHints":{"allow":["GET"]}}],"collection":[{"href":"https:\/\/allianceoutdoorlighting.com\/es\/wp-json\/wp\/v2\/pages"}],"about":[{"href":"https:\/\/allianceoutdoorlighting.com\/es\/wp-json\/wp\/v2\/types\/page"}],"author":[{"embeddable":true,"href":"https:\/\/allianceoutdoorlighting.com\/es\/wp-json\/wp\/v2\/users\/4"}],"replies":[{"embeddable":true,"href":"https:\/\/allianceoutdoorlighting.com\/es\/wp-json\/wp\/v2\/comments?post=1649"}],"version-history":[{"count":8,"href":"https:\/\/allianceoutdoorlighting.com\/es\/wp-json\/wp\/v2\/pages\/1649\/revisions"}],"predecessor-version":[{"id":4099,"href":"https:\/\/allianceoutdoorlighting.com\/es\/wp-json\/wp\/v2\/pages\/1649\/revisions\/4099"}],"up":[{"embeddable":true,"href":"https:\/\/allianceoutdoorlighting.com\/es\/wp-json\/wp\/v2\/pages\/697"}],"wp:attachment":[{"href":"https:\/\/allianceoutdoorlighting.com\/es\/wp-json\/wp\/v2\/media?parent=1649"}],"wp:term":[{"taxonomy":"category","embeddable":true,"href":"https:\/\/allianceoutdoorlighting.com\/es\/wp-json\/wp\/v2\/categories?post=1649"},{"taxonomy":"post_tag","embeddable":true,"href":"https:\/\/allianceoutdoorlighting.com\/es\/wp-json\/wp\/v2\/tags?post=1649"}],"curies":[{"name":"wp","href":"https:\/\/api.w.org\/{rel}","templated":true}]}}