{"id":164,"date":"2023-07-24T15:39:32","date_gmt":"2023-07-24T15:39:32","guid":{"rendered":"https:\/\/allianceoutdoorlighting.com\/?page_id=164"},"modified":"2023-09-13T14:26:05","modified_gmt":"2023-09-13T14:26:05","slug":"instalaciones","status":"publish","type":"page","link":"https:\/\/allianceoutdoorlighting.com\/es\/instalaciones\/","title":{"rendered":"Accesorios"},"content":{"rendered":"<div id=\"cs-content\" class=\"cs-content\"><\/div>","protected":false},"excerpt":{"rendered":"<p>L\u00e1mparas de acento\/iluminaci\u00f3n de zonas y caminos Ba\u00f1adores de pared Luces empotradas Luces empotradas Jardiner\u00eda Accesorios especiales<\/p>","protected":false},"author":1,"featured_media":0,"parent":0,"menu_order":43,"comment_status":"closed","ping_status":"closed","template":"template-blank-4.php","meta":{"_acf_changed":false,"rs_blank_template":"","rs_page_bg_color":"","slide_template_v7":"","footnotes":""},"categories":[],"tags":[],"class_list":["post-164","page","type-page","status-publish","hentry","no-post-thumbnail"],"acf":[],"yoast_head":"<!-- This site is optimized with the Yoast SEO plugin v26.0 - https:\/\/yoast.com\/wordpress\/plugins\/seo\/ -->\n<title>Fixtures - Alliance Outdoor Lighting<\/title>\n<meta name=\"robots\" content=\"index, follow, max-snippet:-1, max-image-preview:large, max-video-preview:-1\" \/>\n<link rel=\"canonical\" href=\"https:\/\/allianceoutdoorlighting.com\/es\/instalaciones\/\" \/>\n<meta property=\"og:locale\" content=\"es_MX\" \/>\n<meta property=\"og:type\" content=\"article\" \/>\n<meta property=\"og:title\" content=\"Fixtures - Alliance Outdoor Lighting\" \/>\n<meta property=\"og:description\" content=\"Fixtures Accent\/Uplight Area &#038; Path Wall Wash In-Ground Lights Down Lights Hardscape Specialty Accessories\" \/>\n<meta property=\"og:url\" content=\"https:\/\/allianceoutdoorlighting.com\/es\/instalaciones\/\" \/>\n<meta property=\"og:site_name\" content=\"Alliance Outdoor Lighting\" \/>\n<meta property=\"article:publisher\" content=\"https:\/\/www.facebook.com\/doyouknowalliance\/\" \/>\n<meta property=\"article:modified_time\" content=\"2023-09-13T14:26:05+00:00\" \/>\n<meta property=\"og:image\" content=\"https:\/\/allianceoutdoorlighting.com\/wp-content\/uploads\/2025\/06\/FL50_ShadowNight4-scaled.jpg\" \/>\n\t<meta property=\"og:image:width\" content=\"2560\" \/>\n\t<meta property=\"og:image:height\" content=\"1440\" \/>\n\t<meta property=\"og:image:type\" content=\"image\/jpeg\" \/>\n<meta name=\"twitter:card\" content=\"summary_large_image\" \/>\n<meta name=\"twitter:site\" content=\"@allianceoutdoor\" \/>\n<meta name=\"twitter:label1\" content=\"Tiempo de lectura\" \/>\n\t<meta name=\"twitter:data1\" content=\"1 minuto\" \/>\n<script type=\"application\/ld+json\" class=\"yoast-schema-graph\">{\"@context\":\"https:\/\/schema.org\",\"@graph\":[{\"@type\":\"WebPage\",\"@id\":\"https:\/\/allianceoutdoorlighting.com\/fixtures\/\",\"url\":\"https:\/\/allianceoutdoorlighting.com\/fixtures\/\",\"name\":\"Fixtures - Alliance Outdoor Lighting\",\"isPartOf\":{\"@id\":\"https:\/\/allianceoutdoorlighting.com\/#website\"},\"datePublished\":\"2023-07-24T15:39:32+00:00\",\"dateModified\":\"2023-09-13T14:26:05+00:00\",\"breadcrumb\":{\"@id\":\"https:\/\/allianceoutdoorlighting.com\/fixtures\/#breadcrumb\"},\"inLanguage\":\"es\",\"potentialAction\":[{\"@type\":\"ReadAction\",\"target\":[\"https:\/\/allianceoutdoorlighting.com\/fixtures\/\"]}]},{\"@type\":\"BreadcrumbList\",\"@id\":\"https:\/\/allianceoutdoorlighting.com\/fixtures\/#breadcrumb\",\"itemListElement\":[{\"@type\":\"ListItem\",\"position\":1,\"name\":\"Home\",\"item\":\"https:\/\/allianceoutdoorlighting.com\/\"},{\"@type\":\"ListItem\",\"position\":2,\"name\":\"Fixtures\"}]},{\"@type\":\"WebSite\",\"@id\":\"https:\/\/allianceoutdoorlighting.com\/#website\",\"url\":\"https:\/\/allianceoutdoorlighting.com\/\",\"name\":\"Alliance Outdoor Lighting\",\"description\":\"For the pros who expect the best\u2014rugged brass, smart installs, local support.\",\"publisher\":{\"@id\":\"https:\/\/allianceoutdoorlighting.com\/#organization\"},\"potentialAction\":[{\"@type\":\"SearchAction\",\"target\":{\"@type\":\"EntryPoint\",\"urlTemplate\":\"https:\/\/allianceoutdoorlighting.com\/?s={search_term_string}\"},\"query-input\":{\"@type\":\"PropertyValueSpecification\",\"valueRequired\":true,\"valueName\":\"search_term_string\"}}],\"inLanguage\":\"es\"},{\"@type\":\"Organization\",\"@id\":\"https:\/\/allianceoutdoorlighting.com\/#organization\",\"name\":\"Alliance Outdoor Lighting\",\"alternateName\":\"Alliance Lighting\",\"url\":\"https:\/\/allianceoutdoorlighting.com\/\",\"logo\":{\"@type\":\"ImageObject\",\"inLanguage\":\"es\",\"@id\":\"https:\/\/allianceoutdoorlighting.com\/#\/schema\/logo\/image\/\",\"url\":\"https:\/\/allianceoutdoorlighting.com\/wp-content\/uploads\/2023\/08\/2023_000_Assets-Alliance-Blue.png\",\"contentUrl\":\"https:\/\/allianceoutdoorlighting.com\/wp-content\/uploads\/2023\/08\/2023_000_Assets-Alliance-Blue.png\",\"width\":1200,\"height\":600,\"caption\":\"Alliance Outdoor Lighting\"},\"image\":{\"@id\":\"https:\/\/allianceoutdoorlighting.com\/#\/schema\/logo\/image\/\"},\"sameAs\":[\"https:\/\/www.facebook.com\/doyouknowalliance\/\",\"https:\/\/x.com\/allianceoutdoor\",\"https:\/\/www.youtube.com\/c\/DoYouKnowALLIANCE\",\"https:\/\/www.instagram.com\/allianceoutdoorlighting\/\"]}]}<\/script>\n<!-- \/ Yoast SEO plugin. -->","yoast_head_json":{"title":"L\u00e1mparas - Alliance Outdoor Lighting","robots":{"index":"index","follow":"follow","max-snippet":"max-snippet:-1","max-image-preview":"max-image-preview:large","max-video-preview":"max-video-preview:-1"},"canonical":"https:\/\/allianceoutdoorlighting.com\/es\/instalaciones\/","og_locale":"es_MX","og_type":"article","og_title":"Fixtures - Alliance Outdoor Lighting","og_description":"Fixtures Accent\/Uplight Area &#038; Path Wall Wash In-Ground Lights Down Lights Hardscape Specialty Accessories","og_url":"https:\/\/allianceoutdoorlighting.com\/es\/instalaciones\/","og_site_name":"Alliance Outdoor Lighting","article_publisher":"https:\/\/www.facebook.com\/doyouknowalliance\/","article_modified_time":"2023-09-13T14:26:05+00:00","og_image":[{"width":2560,"height":1440,"url":"https:\/\/allianceoutdoorlighting.com\/wp-content\/uploads\/2025\/06\/FL50_ShadowNight4-scaled.jpg","type":"image\/jpeg"}],"twitter_card":"summary_large_image","twitter_site":"@allianceoutdoor","twitter_misc":{"Tiempo de lectura":"1 minuto"},"schema":{"@context":"https:\/\/schema.org","@graph":[{"@type":"WebPage","@id":"https:\/\/allianceoutdoorlighting.com\/fixtures\/","url":"https:\/\/allianceoutdoorlighting.com\/fixtures\/","name":"L\u00e1mparas - Alliance Outdoor Lighting","isPartOf":{"@id":"https:\/\/allianceoutdoorlighting.com\/#website"},"datePublished":"2023-07-24T15:39:32+00:00","dateModified":"2023-09-13T14:26:05+00:00","breadcrumb":{"@id":"https:\/\/allianceoutdoorlighting.com\/fixtures\/#breadcrumb"},"inLanguage":"es","potentialAction":[{"@type":"ReadAction","target":["https:\/\/allianceoutdoorlighting.com\/fixtures\/"]}]},{"@type":"BreadcrumbList","@id":"https:\/\/allianceoutdoorlighting.com\/fixtures\/#breadcrumb","itemListElement":[{"@type":"ListItem","position":1,"name":"Home","item":"https:\/\/allianceoutdoorlighting.com\/"},{"@type":"ListItem","position":2,"name":"Fixtures"}]},{"@type":"WebSite","@id":"https:\/\/allianceoutdoorlighting.com\/#website","url":"https:\/\/allianceoutdoorlighting.com\/","name":"Alumbrado exterior Alliance","description":"Para los profesionales que esperan lo mejor: lat\u00f3n reforzado, instalaciones inteligentes y asistencia local.","publisher":{"@id":"https:\/\/allianceoutdoorlighting.com\/#organization"},"potentialAction":[{"@type":"SearchAction","target":{"@type":"EntryPoint","urlTemplate":"https:\/\/allianceoutdoorlighting.com\/?s={search_term_string}"},"query-input":{"@type":"PropertyValueSpecification","valueRequired":true,"valueName":"search_term_string"}}],"inLanguage":"es"},{"@type":"Organization","@id":"https:\/\/allianceoutdoorlighting.com\/#organization","name":"Alumbrado exterior Alliance","alternateName":"Alliance Lighting","url":"https:\/\/allianceoutdoorlighting.com\/","logo":{"@type":"ImageObject","inLanguage":"es","@id":"https:\/\/allianceoutdoorlighting.com\/#\/schema\/logo\/image\/","url":"https:\/\/allianceoutdoorlighting.com\/wp-content\/uploads\/2023\/08\/2023_000_Assets-Alliance-Blue.png","contentUrl":"https:\/\/allianceoutdoorlighting.com\/wp-content\/uploads\/2023\/08\/2023_000_Assets-Alliance-Blue.png","width":1200,"height":600,"caption":"Alliance Outdoor Lighting"},"image":{"@id":"https:\/\/allianceoutdoorlighting.com\/#\/schema\/logo\/image\/"},"sameAs":["https:\/\/www.facebook.com\/doyouknowalliance\/","https:\/\/x.com\/allianceoutdoor","https:\/\/www.youtube.com\/c\/DoYouKnowALLIANCE","https:\/\/www.instagram.com\/allianceoutdoorlighting\/"]}]}},"_links":{"self":[{"href":"https:\/\/allianceoutdoorlighting.com\/es\/wp-json\/wp\/v2\/pages\/164","targetHints":{"allow":["GET"]}}],"collection":[{"href":"https:\/\/allianceoutdoorlighting.com\/es\/wp-json\/wp\/v2\/pages"}],"about":[{"href":"https:\/\/allianceoutdoorlighting.com\/es\/wp-json\/wp\/v2\/types\/page"}],"author":[{"embeddable":true,"href":"https:\/\/allianceoutdoorlighting.com\/es\/wp-json\/wp\/v2\/users\/1"}],"replies":[{"embeddable":true,"href":"https:\/\/allianceoutdoorlighting.com\/es\/wp-json\/wp\/v2\/comments?post=164"}],"version-history":[{"count":2,"href":"https:\/\/allianceoutdoorlighting.com\/es\/wp-json\/wp\/v2\/pages\/164\/revisions"}],"predecessor-version":[{"id":1360,"href":"https:\/\/allianceoutdoorlighting.com\/es\/wp-json\/wp\/v2\/pages\/164\/revisions\/1360"}],"wp:attachment":[{"href":"https:\/\/allianceoutdoorlighting.com\/es\/wp-json\/wp\/v2\/media?parent=164"}],"wp:term":[{"taxonomy":"category","embeddable":true,"href":"https:\/\/allianceoutdoorlighting.com\/es\/wp-json\/wp\/v2\/categories?post=164"},{"taxonomy":"post_tag","embeddable":true,"href":"https:\/\/allianceoutdoorlighting.com\/es\/wp-json\/wp\/v2\/tags?post=164"}],"curies":[{"name":"wp","href":"https:\/\/api.w.org\/{rel}","templated":true}]}}