{"id":1188,"date":"2023-09-01T22:55:21","date_gmt":"2023-09-01T22:55:21","guid":{"rendered":"https:\/\/allianceoutdoorlighting.com\/?page_id=1188"},"modified":"2025-11-21T19:49:01","modified_gmt":"2025-11-21T19:49:01","slug":"directrices-de-instalacion-del-sistema-bt","status":"publish","type":"page","link":"https:\/\/allianceoutdoorlighting.com\/es\/directrices-de-instalacion-del-sistema-bt\/","title":{"rendered":"Directrices de instalaci\u00f3n de bt System"},"content":{"rendered":"<div id=\"cs-content\" class=\"cs-content\"><div class=\"x-section e1188-e1 mx0-0 mx0-1 alliance-category-section\" style=\"--tco-dcx0-1:global-color:ftHMrd7x3JQ37rsBOl;\"><div class=\"x-row x-container max width e1188-e2 mx0-3 mx0-4 mx0-6 mx0-7\"><div class=\"x-row-inner\"><div class=\"x-col e1188-e3 mx0-a mx0-b\"><div class=\"x-text x-text-headline e1188-e4 mx0-d mx0-e alliance-category-title\"><div class=\"x-text-content\"><div class=\"x-text-content-text\"><h1 class=\"x-text-content-text-primary\">Directrices de instalaci\u00f3n de bt System<\/h1>\n<\/div><\/div><\/div><\/div><\/div><\/div><\/div><div class=\"x-section e1188-e5 mx0-0 mx0-2\"><div class=\"x-row x-container max width e1188-e6 mx0-3 mx0-4 mx0-6 mx0-8\"><div class=\"x-row-inner\"><div class=\"x-col e1188-e7 mx0-a mx0-b\"><div class=\"x-text x-content e1188-e8 mx0-g mx0-h\"><p><strong>Distancias de comunicaci\u00f3n:<\/strong> Los dispositivos bt tienen un alcance Bluetooth\u00ae de 1,5 a 1,8 m en condiciones \u00f3ptimas y los extensores de alcance bt tienen un alcance Bluetooth\u00ae de 1,5 a 1,8 m en condiciones \u00f3ptimas. Los tel\u00e9fonos inteligentes tienen un alcance Bluetooth\u00ae de 10-30 pies en condiciones \u00f3ptimas. El alcance de Bluetooth\u00ae se ve afectado por obst\u00e1culos naturales como la elevaci\u00f3n, las rocas y el follaje, as\u00ed como edificios, hardscape, cubiertas de patio e interferencias de otros dispositivos el\u00e9ctricos (equipos de piscina) e inal\u00e1mbricos.<\/p>\n<p><strong>Todos los sitios requieren extensores de alcance:<\/strong> bt Los extensores de alcance son necesarios para un funcionamiento correcto. Col\u00f3quelos por toda la vivienda (<a href=\"https:\/\/allianceoutdoorlighting.com\/es\/productos-de-iluminacion\/sistema-bt\/\">ver diagrama<\/a>). Una parcela residencial t\u00edpica tendr\u00e1 4 extensores de alcance bt en el patio delantero y 4 extensores de alcance bt en el patio trasero. Las propiedades m\u00e1s grandes (con distancias m\u00e1s largas) deber\u00edan tener m\u00e1s. Tenga en cuenta la disposici\u00f3n de las luminarias y el tama\u00f1o de la propiedad para determinar c\u00f3mo se puede repetir la se\u00f1al. (No existe una regla basada en el n\u00famero de luminarias, sino en medir el espaciado y la disposici\u00f3n). Si la aplicaci\u00f3n se va a utilizar desde el interior durante las inclemencias del tiempo, se recomiendan extensores de alcance interior para atravesar las paredes. En exteriores, los extensores de alcance montados en superficie son \u00fatiles junto con las luces para exteriores.<\/p>\n<p><strong>bt Las luminarias necesitan entre 10 y 14 voltios para comunicarse<\/strong> m\u00e1s de 14 voltios da\u00f1ar\u00e1n los componentes de un m\u00f3dulo bt. No coloque m\u00e1s de 8 luminarias bt en un tramo de cable.<\/p>\n<p><strong>El bt System no requiere un transformador especial<\/strong>s\u00f3lo que la salida del transformador pueda suministrar 10-14 voltios a la luminaria.<\/p><\/div><\/div><\/div><\/div><div class=\"x-row x-container max width e1188-e9 mx0-3 mx0-5 mx0-6 mx0-9\"><div class=\"x-row-inner\"><div class=\"x-col e1188-e10 mx0-a mx0-b\"><div class=\"x-text x-content e1188-e11 mx0-h mx0-i\"><ol>\n<li><strong>Triangular los extensores de alcance bt<\/strong> para que cada uno tenga l\u00ednea de visi\u00f3n con al menos otros 2 extensores de alcance. Esto refuerza la red de malla Bluetooth y aumenta la comunicaci\u00f3n con los dispositivos bt dentro del alcance.<\/li>\n<li><strong>La intensidad de la se\u00f1al se ve favorecida por la elevaci\u00f3n.<\/strong> Siempre que sea posible, instale los extensores de alcance en \u00e1rboles, cimas de colinas, vallas, tejados, etc. Para los modelos que se apoyan en el suelo, utilice un <a href=\"https:\/\/allianceoutdoorlighting.com\/es\/productos-de-iluminacion\/accesorios-de-instalacion\/#riser\">RISER<\/a> para la altura.<\/li>\n<li><strong>Cada bt Fixture tiene una antena.<\/strong> D\u00e9jelas expuestas. No las corte, entierre ni introduzca en tapas\/nudillos, etc. Los accesorios para exteriores tienen antenas internas, util\u00edcelas con extensores de alcance montados en superficie para facilitar la comunicaci\u00f3n.<\/li>\n<li><strong>Configurar red(es) segura(s) en la App.<\/strong> Las redes seguras ayudan a bloquear el acceso al sistema bt a quienes no tienen permiso, y a separar las instalaciones. Si lo desea, puede crear varias redes seguras para una propiedad. (por ejemplo, patio delantero y patio trasero). Los extensores de rango se asignan a una red segura espec\u00edfica, y no pueden ser compartidos a trav\u00e9s de diferentes redes seguras.<\/li>\n<li><strong>Revise el funcionamiento del sistema con el propietario.<\/strong> Pruebe el funcionamiento desde el lugar donde el propietario utilizar\u00e1 la aplicaci\u00f3n con su(s) dispositivo(s): interior, zonas de descanso al aire libre, entradas de edificios, garajes. De este modo se evitan las devoluciones de llamada relacionadas con el funcionamiento y el uso. Proporcione al propietario una copia de nuestra <a href=\"https:\/\/allianceoutdoorlighting.com\/wp-content\/uploads\/2024\/01\/Alliance_BT-System-Seminar-Training-Handbook.pdf\">Manual de formaci\u00f3n bt para seminarios <\/a>que describe las funciones de la aplicaci\u00f3n, las opciones de escena, el acceso a la red segura y consejos sobre la se\u00f1alizaci\u00f3n.<\/li>\n<\/ol><\/div><\/div><div class=\"x-col e1188-e12 mx0-a mx0-c\"><a class=\"x-image e1188-e13 mx0-j\" href=\"https:\/\/allianceoutdoorlighting.com\/wp-content\/uploads\/2025\/10\/2025_bt-How-to-Guide_Final_Digital.pdf\" target=\"_blank\" rel=\"noopener noreferrer\"><img decoding=\"async\" src=\"https:\/\/allianceoutdoorlighting.com\/wp-content\/uploads\/2025\/11\/Web_bt-how-to-guide_Thumbnail.png\" width=\"424\" height=\"424\" alt=\"Imagen\" loading=\"lazy\"><\/a><a href=\"https:\/\/allianceoutdoorlighting.com\/wp-content\/uploads\/2025\/10\/2025_bt-How-to-Guide_Final_Digital.pdf\" target=\"_blank\" rel=\"noopener noreferrer\" class=\"x-text x-text-headline e1188-e14 mx0-e mx0-f\"><div class=\"x-text-content\"><div class=\"x-text-content-text\"><h4 class=\"x-text-content-text-primary\"><strong>Gu\u00eda BT<\/strong><br \/>Descargar las instrucciones de instalaci\u00f3n completas<\/h4>\n<\/div><\/div><\/a><\/div><\/div><\/div><\/div><\/div>","protected":false},"excerpt":{"rendered":"<p>Los dispositivos bt tienen un alcance Bluetooth de entre 1,5 y 1,8 metros en condiciones \u00f3ptimas y los extensores de alcance bt tienen un alcance Bluetooth de entre 1,5 y 1,8 metros en condiciones \u00f3ptimas. <\/p>","protected":false},"author":1,"featured_media":5002,"parent":0,"menu_order":25,"comment_status":"closed","ping_status":"closed","template":"template-blank-4.php","meta":{"_acf_changed":false,"rs_blank_template":"","rs_page_bg_color":"","slide_template_v7":"","footnotes":""},"categories":[28],"tags":[],"class_list":["post-1188","page","type-page","status-publish","has-post-thumbnail","hentry","category-bt-system"],"acf":[],"yoast_head":"<!-- This site is optimized with the Yoast SEO plugin v26.0 - https:\/\/yoast.com\/wordpress\/plugins\/seo\/ -->\n<title>bt System Installation Guidelines - Alliance Outdoor Lighting<\/title>\n<meta name=\"robots\" content=\"index, follow, max-snippet:-1, max-image-preview:large, max-video-preview:-1\" \/>\n<link rel=\"canonical\" href=\"https:\/\/allianceoutdoorlighting.com\/es\/directrices-de-instalacion-del-sistema-bt\/\" \/>\n<meta property=\"og:locale\" content=\"es_MX\" \/>\n<meta property=\"og:type\" content=\"article\" \/>\n<meta property=\"og:title\" content=\"bt System Installation Guidelines - Alliance Outdoor Lighting\" \/>\n<meta property=\"og:description\" content=\"bt Fixtures have a Bluetooth range of 5-20 feet in optimal conditions and bt range extenders have a Bluetooth range of 35-75 feet in optimal conditions.\" \/>\n<meta property=\"og:url\" content=\"https:\/\/allianceoutdoorlighting.com\/es\/directrices-de-instalacion-del-sistema-bt\/\" \/>\n<meta property=\"og:site_name\" content=\"Alliance Outdoor Lighting\" \/>\n<meta property=\"article:publisher\" content=\"https:\/\/www.facebook.com\/doyouknowalliance\/\" \/>\n<meta property=\"article:modified_time\" content=\"2025-11-21T19:49:01+00:00\" \/>\n<meta property=\"og:image\" content=\"https:\/\/allianceoutdoorlighting.com\/wp-content\/uploads\/2025\/11\/Web_bt-how-to-guide_Thumbnail.png\" \/>\n\t<meta property=\"og:image:width\" content=\"424\" \/>\n\t<meta property=\"og:image:height\" content=\"424\" \/>\n\t<meta property=\"og:image:type\" content=\"image\/png\" \/>\n<meta name=\"twitter:card\" content=\"summary_large_image\" \/>\n<meta name=\"twitter:site\" content=\"@allianceoutdoor\" \/>\n<meta name=\"twitter:label1\" content=\"Tiempo de lectura\" \/>\n\t<meta name=\"twitter:data1\" content=\"5 minutos\" \/>\n<script type=\"application\/ld+json\" class=\"yoast-schema-graph\">{\"@context\":\"https:\/\/schema.org\",\"@graph\":[{\"@type\":\"WebPage\",\"@id\":\"https:\/\/allianceoutdoorlighting.com\/bt-system-installation-guidelines\/\",\"url\":\"https:\/\/allianceoutdoorlighting.com\/bt-system-installation-guidelines\/\",\"name\":\"bt System Installation Guidelines - Alliance Outdoor Lighting\",\"isPartOf\":{\"@id\":\"https:\/\/allianceoutdoorlighting.com\/#website\"},\"primaryImageOfPage\":{\"@id\":\"https:\/\/allianceoutdoorlighting.com\/bt-system-installation-guidelines\/#primaryimage\"},\"image\":{\"@id\":\"https:\/\/allianceoutdoorlighting.com\/bt-system-installation-guidelines\/#primaryimage\"},\"thumbnailUrl\":\"https:\/\/allianceoutdoorlighting.com\/wp-content\/uploads\/2025\/11\/Web_bt-how-to-guide_Thumbnail.png\",\"datePublished\":\"2023-09-01T22:55:21+00:00\",\"dateModified\":\"2025-11-21T19:49:01+00:00\",\"breadcrumb\":{\"@id\":\"https:\/\/allianceoutdoorlighting.com\/bt-system-installation-guidelines\/#breadcrumb\"},\"inLanguage\":\"es\",\"potentialAction\":[{\"@type\":\"ReadAction\",\"target\":[\"https:\/\/allianceoutdoorlighting.com\/bt-system-installation-guidelines\/\"]}]},{\"@type\":\"ImageObject\",\"inLanguage\":\"es\",\"@id\":\"https:\/\/allianceoutdoorlighting.com\/bt-system-installation-guidelines\/#primaryimage\",\"url\":\"https:\/\/allianceoutdoorlighting.com\/wp-content\/uploads\/2025\/11\/Web_bt-how-to-guide_Thumbnail.png\",\"contentUrl\":\"https:\/\/allianceoutdoorlighting.com\/wp-content\/uploads\/2025\/11\/Web_bt-how-to-guide_Thumbnail.png\",\"width\":424,\"height\":424},{\"@type\":\"BreadcrumbList\",\"@id\":\"https:\/\/allianceoutdoorlighting.com\/bt-system-installation-guidelines\/#breadcrumb\",\"itemListElement\":[{\"@type\":\"ListItem\",\"position\":1,\"name\":\"Home\",\"item\":\"https:\/\/allianceoutdoorlighting.com\/\"},{\"@type\":\"ListItem\",\"position\":2,\"name\":\"bt System Installation Guidelines\"}]},{\"@type\":\"WebSite\",\"@id\":\"https:\/\/allianceoutdoorlighting.com\/#website\",\"url\":\"https:\/\/allianceoutdoorlighting.com\/\",\"name\":\"Alliance Outdoor Lighting\",\"description\":\"For the pros who expect the best\u2014rugged brass, smart installs, local support.\",\"publisher\":{\"@id\":\"https:\/\/allianceoutdoorlighting.com\/#organization\"},\"potentialAction\":[{\"@type\":\"SearchAction\",\"target\":{\"@type\":\"EntryPoint\",\"urlTemplate\":\"https:\/\/allianceoutdoorlighting.com\/?s={search_term_string}\"},\"query-input\":{\"@type\":\"PropertyValueSpecification\",\"valueRequired\":true,\"valueName\":\"search_term_string\"}}],\"inLanguage\":\"es\"},{\"@type\":\"Organization\",\"@id\":\"https:\/\/allianceoutdoorlighting.com\/#organization\",\"name\":\"Alliance Outdoor Lighting\",\"alternateName\":\"Alliance Lighting\",\"url\":\"https:\/\/allianceoutdoorlighting.com\/\",\"logo\":{\"@type\":\"ImageObject\",\"inLanguage\":\"es\",\"@id\":\"https:\/\/allianceoutdoorlighting.com\/#\/schema\/logo\/image\/\",\"url\":\"https:\/\/allianceoutdoorlighting.com\/wp-content\/uploads\/2023\/08\/2023_000_Assets-Alliance-Blue.png\",\"contentUrl\":\"https:\/\/allianceoutdoorlighting.com\/wp-content\/uploads\/2023\/08\/2023_000_Assets-Alliance-Blue.png\",\"width\":1200,\"height\":600,\"caption\":\"Alliance Outdoor Lighting\"},\"image\":{\"@id\":\"https:\/\/allianceoutdoorlighting.com\/#\/schema\/logo\/image\/\"},\"sameAs\":[\"https:\/\/www.facebook.com\/doyouknowalliance\/\",\"https:\/\/x.com\/allianceoutdoor\",\"https:\/\/www.youtube.com\/c\/DoYouKnowALLIANCE\",\"https:\/\/www.instagram.com\/allianceoutdoorlighting\/\"]}]}<\/script>\n<!-- \/ Yoast SEO plugin. -->","yoast_head_json":{"title":"Directrices de instalaci\u00f3n de bt System - Alliance Outdoor Lighting","robots":{"index":"index","follow":"follow","max-snippet":"max-snippet:-1","max-image-preview":"max-image-preview:large","max-video-preview":"max-video-preview:-1"},"canonical":"https:\/\/allianceoutdoorlighting.com\/es\/directrices-de-instalacion-del-sistema-bt\/","og_locale":"es_MX","og_type":"article","og_title":"bt System Installation Guidelines - Alliance Outdoor Lighting","og_description":"bt Fixtures have a Bluetooth range of 5-20 feet in optimal conditions and bt range extenders have a Bluetooth range of 35-75 feet in optimal conditions.","og_url":"https:\/\/allianceoutdoorlighting.com\/es\/directrices-de-instalacion-del-sistema-bt\/","og_site_name":"Alliance Outdoor Lighting","article_publisher":"https:\/\/www.facebook.com\/doyouknowalliance\/","article_modified_time":"2025-11-21T19:49:01+00:00","og_image":[{"width":424,"height":424,"url":"https:\/\/allianceoutdoorlighting.com\/wp-content\/uploads\/2025\/11\/Web_bt-how-to-guide_Thumbnail.png","type":"image\/png"}],"twitter_card":"summary_large_image","twitter_site":"@allianceoutdoor","twitter_misc":{"Tiempo de lectura":"5 minutos"},"schema":{"@context":"https:\/\/schema.org","@graph":[{"@type":"WebPage","@id":"https:\/\/allianceoutdoorlighting.com\/bt-system-installation-guidelines\/","url":"https:\/\/allianceoutdoorlighting.com\/bt-system-installation-guidelines\/","name":"Directrices de instalaci\u00f3n de bt System - Alliance Outdoor Lighting","isPartOf":{"@id":"https:\/\/allianceoutdoorlighting.com\/#website"},"primaryImageOfPage":{"@id":"https:\/\/allianceoutdoorlighting.com\/bt-system-installation-guidelines\/#primaryimage"},"image":{"@id":"https:\/\/allianceoutdoorlighting.com\/bt-system-installation-guidelines\/#primaryimage"},"thumbnailUrl":"https:\/\/allianceoutdoorlighting.com\/wp-content\/uploads\/2025\/11\/Web_bt-how-to-guide_Thumbnail.png","datePublished":"2023-09-01T22:55:21+00:00","dateModified":"2025-11-21T19:49:01+00:00","breadcrumb":{"@id":"https:\/\/allianceoutdoorlighting.com\/bt-system-installation-guidelines\/#breadcrumb"},"inLanguage":"es","potentialAction":[{"@type":"ReadAction","target":["https:\/\/allianceoutdoorlighting.com\/bt-system-installation-guidelines\/"]}]},{"@type":"ImageObject","inLanguage":"es","@id":"https:\/\/allianceoutdoorlighting.com\/bt-system-installation-guidelines\/#primaryimage","url":"https:\/\/allianceoutdoorlighting.com\/wp-content\/uploads\/2025\/11\/Web_bt-how-to-guide_Thumbnail.png","contentUrl":"https:\/\/allianceoutdoorlighting.com\/wp-content\/uploads\/2025\/11\/Web_bt-how-to-guide_Thumbnail.png","width":424,"height":424},{"@type":"BreadcrumbList","@id":"https:\/\/allianceoutdoorlighting.com\/bt-system-installation-guidelines\/#breadcrumb","itemListElement":[{"@type":"ListItem","position":1,"name":"Home","item":"https:\/\/allianceoutdoorlighting.com\/"},{"@type":"ListItem","position":2,"name":"bt System Installation Guidelines"}]},{"@type":"WebSite","@id":"https:\/\/allianceoutdoorlighting.com\/#website","url":"https:\/\/allianceoutdoorlighting.com\/","name":"Alumbrado exterior Alliance","description":"Para los profesionales que esperan lo mejor: lat\u00f3n reforzado, instalaciones inteligentes y asistencia local.","publisher":{"@id":"https:\/\/allianceoutdoorlighting.com\/#organization"},"potentialAction":[{"@type":"SearchAction","target":{"@type":"EntryPoint","urlTemplate":"https:\/\/allianceoutdoorlighting.com\/?s={search_term_string}"},"query-input":{"@type":"PropertyValueSpecification","valueRequired":true,"valueName":"search_term_string"}}],"inLanguage":"es"},{"@type":"Organization","@id":"https:\/\/allianceoutdoorlighting.com\/#organization","name":"Alumbrado exterior Alliance","alternateName":"Alliance Lighting","url":"https:\/\/allianceoutdoorlighting.com\/","logo":{"@type":"ImageObject","inLanguage":"es","@id":"https:\/\/allianceoutdoorlighting.com\/#\/schema\/logo\/image\/","url":"https:\/\/allianceoutdoorlighting.com\/wp-content\/uploads\/2023\/08\/2023_000_Assets-Alliance-Blue.png","contentUrl":"https:\/\/allianceoutdoorlighting.com\/wp-content\/uploads\/2023\/08\/2023_000_Assets-Alliance-Blue.png","width":1200,"height":600,"caption":"Alliance Outdoor Lighting"},"image":{"@id":"https:\/\/allianceoutdoorlighting.com\/#\/schema\/logo\/image\/"},"sameAs":["https:\/\/www.facebook.com\/doyouknowalliance\/","https:\/\/x.com\/allianceoutdoor","https:\/\/www.youtube.com\/c\/DoYouKnowALLIANCE","https:\/\/www.instagram.com\/allianceoutdoorlighting\/"]}]}},"_links":{"self":[{"href":"https:\/\/allianceoutdoorlighting.com\/es\/wp-json\/wp\/v2\/pages\/1188","targetHints":{"allow":["GET"]}}],"collection":[{"href":"https:\/\/allianceoutdoorlighting.com\/es\/wp-json\/wp\/v2\/pages"}],"about":[{"href":"https:\/\/allianceoutdoorlighting.com\/es\/wp-json\/wp\/v2\/types\/page"}],"author":[{"embeddable":true,"href":"https:\/\/allianceoutdoorlighting.com\/es\/wp-json\/wp\/v2\/users\/1"}],"replies":[{"embeddable":true,"href":"https:\/\/allianceoutdoorlighting.com\/es\/wp-json\/wp\/v2\/comments?post=1188"}],"version-history":[{"count":11,"href":"https:\/\/allianceoutdoorlighting.com\/es\/wp-json\/wp\/v2\/pages\/1188\/revisions"}],"predecessor-version":[{"id":5009,"href":"https:\/\/allianceoutdoorlighting.com\/es\/wp-json\/wp\/v2\/pages\/1188\/revisions\/5009"}],"wp:featuredmedia":[{"embeddable":true,"href":"https:\/\/allianceoutdoorlighting.com\/es\/wp-json\/wp\/v2\/media\/5002"}],"wp:attachment":[{"href":"https:\/\/allianceoutdoorlighting.com\/es\/wp-json\/wp\/v2\/media?parent=1188"}],"wp:term":[{"taxonomy":"category","embeddable":true,"href":"https:\/\/allianceoutdoorlighting.com\/es\/wp-json\/wp\/v2\/categories?post=1188"},{"taxonomy":"post_tag","embeddable":true,"href":"https:\/\/allianceoutdoorlighting.com\/es\/wp-json\/wp\/v2\/tags?post=1188"}],"curies":[{"name":"wp","href":"https:\/\/api.w.org\/{rel}","templated":true}]}}